{"id":1206,"date":"2015-12-18T18:05:29","date_gmt":"2015-12-18T18:05:29","guid":{"rendered":"http:\/\/brunnbaeren.com\/?page_id=1206"},"modified":"2019-07-16T12:01:28","modified_gmt":"2019-07-16T12:01:28","slug":"in-memoriam","status":"publish","type":"page","link":"https:\/\/brunnbaeren.com\/?page_id=1206","title":{"rendered":"in Memoriam Deckr\u00fcden"},"content":{"rendered":"<p style=\"text-align: center;\"><span style=\"color: #0000ff;\"><strong>Barolo von den Brunnb\u00e4ren<\/strong><\/span><\/p>\n<p style=\"text-align: center;\"><img decoding=\"async\" loading=\"lazy\" class=\"alignnone size-medium wp-image-1595\" src=\"https:\/\/brunnbaeren.com\/wp-content\/uploads\/2015\/12\/Barolo1.2-202x300.jpg\" alt=\"Barolo1.2\" width=\"202\" height=\"300\" srcset=\"https:\/\/brunnbaeren.com\/wp-content\/uploads\/2015\/12\/Barolo1.2-202x300.jpg 202w, https:\/\/brunnbaeren.com\/wp-content\/uploads\/2015\/12\/Barolo1.2-101x150.jpg 101w, https:\/\/brunnbaeren.com\/wp-content\/uploads\/2015\/12\/Barolo1.2.jpg 294w\" sizes=\"(max-width: 202px) 100vw, 202px\" \/><\/p>\n<p style=\"text-align: center;\">HD A, ED 0<\/p>\n<p style=\"text-align: center;\">VSS\u00d6 ZZL<\/p>\n<p style=\"text-align: center;\">Chris von Turnau &amp; Banja vom Zellnergut<\/p>\n<p style=\"text-align: center;\">28.01.2000 &#8211; 06.2008<\/p>\n<p style=\"text-align: center;\">Ich bin ein besonders liebenswerter und freundlicher R\u00fcde und meine St\u00e4rke liegt unter anderem auch darin, schwer zu deckende H\u00fcndinnen zu begl\u00fccken. Wie auf den Fotos zu sehen ist, bin ich ein sehr kr\u00e4ftiger R\u00fcde mit einem ausdrucksvollen Kopf. Bemerkenswert ist noch , dass ich &nbsp;4 Br\u00fcder und 5 Schwestern habe und aus dem gesamten Wurf 9 Geschwister ger\u00f6ntgt und mit HD 0\/0 und ED 0\/0 befundet worden sind. Alle meine Geschwister &#8211; bis auf Benno &#8211; der leider mit 3 Jahren nach einem R\u00fcckenmarksinfarkt verstorben ist &#8211; leben noch<\/p>\n<p style=\"text-align: center;\">Barolo ist im Juni 2008 verstorben<br \/>\nTodesursache: Leiomyosarkom der Milz<\/p>\n<p style=\"text-align: center;\">****<\/p>\n<p style=\"text-align: center;\"><span style=\"color: #0000ff;\"><strong>Carlo von den Brunnb\u00e4ren<\/strong><\/span><\/p>\n<p style=\"text-align: center;\"><img decoding=\"async\" loading=\"lazy\" class=\"alignnone wp-image-1209 size-full\" src=\"https:\/\/brunnbaeren.com\/wp-content\/uploads\/2015\/12\/Carlo.jpg\" alt=\"Carlo\" width=\"120\" height=\"83\"><\/p>\n<p style=\"text-align: center;\">HD A \/ ED 0<\/p>\n<p style=\"text-align: center;\">VSS\u00d6 ZZL<\/p>\n<p style=\"text-align: center;\">Benedikt vom Jauntal &amp;&nbsp;Banja vom Zellnergut<\/p>\n<p style=\"text-align: center;\">20.03.2001&nbsp;&#8211; &nbsp;06.08.2011<\/p>\n<p style=\"text-align: center;\">Auch ich bin ein wundersch\u00f6ner, sehr gro\u00dfer und kr\u00e4ftiger R\u00fcde und die Bernerm\u00e4dels stehen alle auf mein langes schlichtes Haarkleid, das ich wie einen Mantel trage. Es gibt kaum etwas, dass mich wirklich aus der Ruhe bringen kann, es sei denn, ich treffe ein h\u00fcbsches Bernerm\u00e4del zum decken. Das bringt mein Blut in Wallungen und mein bisher verborgenes Temperament kommt zum Vorschein. Wie Barolo habe auch ich 9 Geschwister, wo von uns allen insgesamt 9 ger\u00f6ntgt und mit HD frei und ED frei beurteilt worden sind. Leider ist eine meiner Schwestern k\u00fcrzlich nach einer aggressiven bakteriellen Bauchspeicheldr\u00fcsenentz\u00fcndung verstorben. Sonst sind alle noch putz und munter &#8211; wie Berner eben so sind.<\/p>\n<p style=\"text-align: center;\">Carlo hat uns am 07.08.2011 im 11. Lebensjahr unerwartet f\u00fcr immer verlassen !!<\/p>\n<p style=\"text-align: center;\">*******<\/p>\n<p style=\"text-align: center;\"><span style=\"color: #0000ff;\"><strong>Dschidschei&nbsp;von den Brunnb\u00e4ren<\/strong><\/span><\/p>\n<p style=\"text-align: center;\"><img decoding=\"async\" loading=\"lazy\" class=\"alignnone wp-image-1210 size-full\" src=\"https:\/\/brunnbaeren.com\/wp-content\/uploads\/2015\/12\/Dschidschei.jpg\" alt=\"Dschidschei\" width=\"66\" height=\"100\"><\/p>\n<p style=\"text-align: center;\">HD A \/ ED 0<\/p>\n<p style=\"text-align: center;\">VSS\u00d6 ZZL<\/p>\n<p style=\"text-align: center;\">Darius vom Nibelungenpfad &amp; Bea von den Brunnb\u00e4ren<\/p>\n<p style=\"text-align: center;\">27.01.2003&nbsp;&#8211; &nbsp;01.03.2014<\/p>\n<p style=\"text-align: center;\">Im Moment als Dritter im Bunde, bin auch ich ein sehr harmonisch aufgebauter R\u00fcde mit einem h\u00fcbschen Kopf. Ich war seinerzeit zwar der Kleinste aller meiner Geschwister, habe mich aber mittlerweile zu einem stattlichen Burschen entwickelt. Damen die bei mir waren, konnten sich schon davon \u00fcberzeugen. Meine Nachkommen sind von guter Gr\u00f6\u00dfe und Knochenst\u00e4rke. Von meinen insgesamt 7 Geschwistern sind 6 ger\u00f6ntgt und auch mit HD frei und ED frei beurteilt worden. Au\u00dferdem sind 2 meiner Schwestern ebenfalls angek\u00f6rt<\/p>\n<p style=\"text-align: center;\">Dschidschei ist im Alter von 11,5 Jahren verstorben &#8211; Ursache: L\u00e4hmung der Hinterhand<\/p>\n<p style=\"text-align: center;\">*******<\/p>\n<p style=\"text-align: center;\"><span style=\"color: #0000ff;\"><strong>Frodo von den Brunnb\u00e4ren<\/strong><\/span><\/p>\n<p><img decoding=\"async\" loading=\"lazy\" class=\"alignnone size-full wp-image-1207 aligncenter\" src=\"https:\/\/brunnbaeren.com\/wp-content\/uploads\/2015\/12\/Frodo.jpg\" alt=\"Frodo\" width=\"134\" height=\"201\"><\/p>\n<p style=\"text-align: center;\">HD A \/ ED 0<\/p>\n<p style=\"text-align: center;\">VSS\u00d6 ZZL<\/p>\n<p style=\"text-align: center;\">Thyrass von Aemmenm\u00e4tteli&nbsp;&amp; Bea von den Brunnb\u00e4ren<\/p>\n<p style=\"text-align: center;\">25.06.2005&nbsp;&#8211; &nbsp;18.10.2014<\/p>\n<p style=\"text-align: center;\">Hallo, ich bin Frodo !<br \/>\nIch bin ein gepr\u00fcfter Therapiehund. Ich liebe alle Menschen und deshalb darf ich auch regelm\u00e4\u00dfig behinderte Kinder in der Sonderschule besuchen und bei den Patienten einer Wachkomastation im Bett liegen. Ich bin ein sehr gro\u00dfer R\u00fcde mit starken Knochen und wundersch\u00f6nem Kopf, aber trotzdem ein sehr sportlicher Typ. Mein Frauli meint, ich bin der perfekte Berner, AUSSER wenn ich mal wieder ausraste, weil ein anderer gro\u00dfer R\u00fcde meinem Frauli zu nahe kommt.<\/p>\n<p style=\"text-align: center;\">*******<\/p>\n<p style=\"text-align: center;\"><strong><span style=\"color: #0000ff;\">Humphrey Bogart von den Brunnb\u00e4ren<\/span><\/strong><\/p>\n<p style=\"text-align: center;\"><img decoding=\"async\" loading=\"lazy\" class=\"alignnone size-full wp-image-1208\" src=\"https:\/\/brunnbaeren.com\/wp-content\/uploads\/2015\/12\/Humphrey-Bogart.jpg\" alt=\"Humphrey Bogart\" width=\"134\" height=\"89\"><\/p>\n<p style=\"text-align: center;\">HD A \/ ED 0<\/p>\n<p style=\"text-align: center;\">VSS\u00d6 ZZL<\/p>\n<p style=\"text-align: center;\">Galileo von Murau &amp; Bea von den Brunnb\u00e4ren<\/p>\n<p style=\"text-align: center;\">24.11.2006 &#8211; &nbsp;06.08.2011<\/p>\n<p style=\"text-align: center;\">Ich bin mit meinen 69 cm Widerristh\u00f6he ein ziemlich gro\u00dfer, stattlicher Bursche. Trotzdem achte ich sehr auf meine Figur, damit ich auch sportlich immer gut drauf bin. Ich habe mit meinen Herrchen schon etliche Pr\u00fcfungen mit vorz\u00fcglich absolviert und bin au\u00dferdem in der Rettungshundebrigade t\u00e4tig &#8211; also ein richtiges Sportass sozusagen. Am Tag der K\u00f6rung war ich allerdings nicht so toll drauf (bei \u00fcber 30 \u00b0 im Schatten auch kein Wunder) und so kamen meine Vorz\u00fcge in der Bewegung nicht zur Geltung und meine Augenlider sind eigentlich sonst auch nicht locker. \u00dcberhaupt sind Ausstellungen nicht so mein Ding, da flieg ich doch leiber mit Herrli als Rettungshund im Hubschrauber. Und \u00fcberhaupt &#8211; auch mein Namensvetter Humphrey Bogart war nicht wegen seiner Sch\u00f6nheit eine Ber\u00fchmtheit, sondern wegen seiner schauspielerischen Leistung und seinem markanten Gesichtsz\u00fcgen. \u00dcbrigens sind alle meine Geschwister ger\u00f6ntgt und mit HD 0\/0 und ED frei befundet worden. Meine beiden Schwestern Helen Hunt und Holly sind auch schon in der Zucht und haben bereits f\u00fcr Nachwuchs gesorgt.<\/p>\n<p style=\"text-align: center;\">Humphrey ist tragischerweise am 06.08.2011 durch einen Hitzschlag ums Leben gekommen<\/p>\n<p style=\"text-align: center;\">*****<\/p>\n<p style=\"text-align: center;\"><strong><a href=\"https:\/\/brunnbaeren.com\/?page_id=1505\"><span style=\"color: #0000ff;\">Karim von den Brunnb\u00e4ren<\/span><\/a><\/strong><\/p>\n<p style=\"text-align: center;\"><img decoding=\"async\" loading=\"lazy\" class=\"alignnone size-medium wp-image-1508\" src=\"https:\/\/brunnbaeren.com\/wp-content\/uploads\/2015\/12\/Karim04-194x300.jpg\" alt=\"Karim04\" width=\"194\" height=\"300\" srcset=\"https:\/\/brunnbaeren.com\/wp-content\/uploads\/2015\/12\/Karim04-194x300.jpg 194w, https:\/\/brunnbaeren.com\/wp-content\/uploads\/2015\/12\/Karim04.jpg 250w\" sizes=\"(max-width: 194px) 100vw, 194px\" \/><\/p>\n<p style=\"text-align: center;\">\u00d6HZB BS 4273<\/p>\n<p style=\"text-align: center;\">HD A, ED 0,<\/p>\n<p style=\"text-align: center;\">Wurfdatum:&nbsp;28.04.2008 &#8211; 15.02.2018<\/p>\n<p style=\"text-align: center;\">Thyrass von Aemmenm\u00e4tteli&nbsp;&amp; &nbsp;Escara von den Brunnb\u00e4ren<\/p>\n<p style=\"text-align: center;\"><a href=\"https:\/\/brunnbaeren.com\/wp-content\/uploads\/2015\/12\/KARIM-VON-DEN-BRUNNBREN_HZB-BS4273.pdf\" target=\"_blank\" rel=\"noopener\">K\u00f6rbericht<\/a><\/p>\n<p style=\"text-align: center;\">*****<\/p>\n<p style=\"text-align: center;\"><span style=\"color: #0000ff;\"><strong>Idefix von den Brunnb\u00e4ren<\/strong><\/span><\/p>\n<p style=\"text-align: center;\"><img decoding=\"async\" loading=\"lazy\" class=\"alignnone size-medium wp-image-1440\" src=\"https:\/\/brunnbaeren.com\/wp-content\/uploads\/2015\/12\/idefix01-1-300x200.jpg\" alt=\"idefix01\" width=\"300\" height=\"200\"><\/p>\n<p style=\"text-align: center;\">\u00d6HZB BS 4115<\/p>\n<p style=\"text-align: center;\">HD A, ED 0\/0<\/p>\n<p style=\"text-align: center;\">Wurfdatum: 17.04.2007 &#8211; 11.11.2016<\/p>\n<p style=\"text-align: center;\">Thyrass von Aemmenm\u00e4tteli (HD frei, ED 0\/0) &amp; Dakira von den Brunnb\u00e4ren (HD frei, ED 0\/0)<\/p>\n<p style=\"text-align: center;\"><a href=\"https:\/\/brunnbaeren.com\/wp-content\/uploads\/2015\/12\/IDEFIX-VON-DEN-BRUNNBREN_BS4115.pdf\" target=\"_blank\" rel=\"noopener\">K\u00f6rbericht<\/a><\/p>\n<p style=\"text-align: center;\"><a href=\"https:\/\/brunnbaeren.com\/wp-content\/uploads\/2015\/12\/Idefix-von-den-Brunnb\u00e4ren_Stand-19.12.2015.pdf\" target=\"_blank\" rel=\"noopener\">Pedigree<\/a><\/p>\n<p style=\"text-align: center;\">Nachdem ich der einzige R\u00fcde im I-Wurf bin und es aus jedem Brunnb\u00e4renwurf einen Deckr\u00fcden gibt, war es klar dass ich das machen muss &#8211; wor\u00fcber ich ja auch gar nicht ungl\u00fccklich bin. Zu Hause werde ich der &#8222;Professor&#8220; genannt &#8211; ich hab es ja auch wirklich nicht leicht, denn mit mir wohnen ja noch 2 junge Berner R\u00fcden (Rasmus vom Jauntal und Luciano von den Brunnb\u00e4ren), deren Erziehung und Vorbildwirkung ich \u00fcbernehmen musste. Eigentlich ist das kein Problem f\u00fcr mich, denn laut meinem Frauli bin ich der braaaaavste Berner aller Zeiten und diesen Ruf m\u00f6chte ich mir erhalten. Au\u00dferdem habe ich eine Ausbildung zum Therapiehund &#8211; ich bin also nicht nur vertr\u00e4glich mit anderen R\u00fcden, sondern auch ein Ass im Umgang mit allen Menschen<\/p>\n<p style=\"text-align: center;\">***<\/p>\n<p style=\"text-align: center;\"><span style=\"color: #0000ff;\"><strong><a style=\"color: #0000ff;\" href=\"https:\/\/brunnbaeren.com\/?page_id=61\">Odysseus von den Brunnb\u00e4ren<\/a><\/strong><\/span><\/p>\n<p><img decoding=\"async\" loading=\"lazy\" class=\"alignnone size-medium wp-image-1813 aligncenter\" src=\"https:\/\/brunnbaeren.com\/wp-content\/uploads\/2015\/12\/Odyseus1-300x200.jpg\" alt=\"\" width=\"300\" height=\"200\" srcset=\"https:\/\/brunnbaeren.com\/wp-content\/uploads\/2015\/12\/Odyseus1-300x200.jpg 300w, https:\/\/brunnbaeren.com\/wp-content\/uploads\/2015\/12\/Odyseus1-150x100.jpg 150w, https:\/\/brunnbaeren.com\/wp-content\/uploads\/2015\/12\/Odyseus1.jpg 512w\" sizes=\"(max-width: 300px) 100vw, 300px\" \/><\/p>\n<p style=\"text-align: center;\">\u00d6HZB BS 4889<\/p>\n<p style=\"text-align: center;\">HD A, ED 0, DM N\/N<\/p>\n<p style=\"text-align: center;\">Wurfdatum: 25.03.2012 &#8211; 02.02.2019<\/p>\n<p style=\"text-align: center;\">Casanova von der Vagabundenh\u00fcttn &amp; &nbsp;Lizz Taylor<\/p>\n<p style=\"text-align: center;\"><a href=\"https:\/\/brunnbaeren.com\/wp-content\/uploads\/2015\/12\/Odysseus_kb.pdf\" target=\"_blank\" rel=\"noopener\">K\u00f6rbericht \/ Stammbaum (pdf)<\/a><\/p>\n<p style=\"text-align: center;\">Obwohl ich der j\u00fcngste unter den Brunnb\u00e4rendeckr\u00fcden bin, durfte ich schon 2x Papa werden. Das 1. Mal von 9 und das 2. Mal von 10 Welpen. Was wird dann wohl der 3. Wurf bringen&nbsp;&#x1f642;&nbsp;Schon bei meinen ersten Deckakten habe ich meine Leute positiv \u00fcberrascht, da ich mich \u00e4u\u00dferst geschickt angestellt habe und die Bernerdamen sehr liebevoll, ruhig, aber konsequent verf\u00fchrt habe. Das muss ich wohl von Papa Casanova geerbt haben.<\/p>\n<p style=\"text-align: center;\">Im Alltag bin ich ein sehr freundlicher, umg\u00e4nglicher R\u00fcde, manchmal etwas \u00fcberschwenglich und da k\u00f6nnen meine 60 Kilogramm mein Frauchen schon mal aus der Bahn werfen. Es tut mir dann eh leid, aber wenn ich doch alle unbedingt und sofort freudig begr\u00fcssen muss\u2026\u2026<\/p>\n<p style=\"text-align: center;\">***<\/p>\n<p style=\"text-align: center;\"><span style=\"color: #0000ff;\"><strong><a style=\"color: #0000ff;\" href=\"https:\/\/brunnbaeren.com\/?page_id=36\">Jesse James von den Brunnb\u00e4ren<\/a><\/strong><\/span><\/p>\n<p><img decoding=\"async\" loading=\"lazy\" class=\"alignnone size-medium wp-image-1452 aligncenter\" src=\"https:\/\/brunnbaeren.com\/wp-content\/uploads\/2015\/12\/jessejames04-300x200.jpg\" alt=\"\" width=\"300\" height=\"200\"><\/p>\n<p style=\"text-align: center;\">\u00d6HZB BS 4195<\/p>\n<p style=\"text-align: center;\">HD A, ED 0, OCD frei<\/p>\n<p style=\"text-align: center;\">Wurfdatum:&nbsp;20.02.2008 &#8211; 19.05.2019<\/p>\n<p style=\"text-align: center;\">Galileo von Murau&nbsp;&amp; &nbsp;Finessa von den Brunnb\u00e4ren<\/p>\n<p style=\"text-align: center;\"><a href=\"https:\/\/brunnbaeren.com\/wp-content\/uploads\/2015\/12\/Jesse-James-von-den-Brunnb%C3%A4ren_Stand-19.12.2015.pdf\" target=\"_blank\" rel=\"noopener\">Pedigree<\/a><\/p>\n<p style=\"text-align: center;\"><a href=\"https:\/\/brunnbaeren.com\/wp-content\/uploads\/2015\/12\/JESSE-JAMES-VON-DEN-BRUNNBREN_HZB-BS-4195.pdf\" target=\"_blank\" rel=\"noopener\">K\u00f6rbericht<\/a><\/p>\n<p style=\"text-align: center;\">***<\/p>\n<p style=\"text-align: center;\">Eigentlich bin ich nach dem Revolverhelden Jesse James benannt, aber ich f\u00fchl mich mehr wie der Frauenheld Jesse James, den auch ich m\u00f6chte m\u00f6glichst viele Damen begl\u00fccken. Ich wurde am 02.07.2010 ohne Einschr\u00e4nkungen angek\u00f6rt udn hoffe auf baldigen Besuch einer Berner Dame. Abgesehen davon, dass ich ein wundersch\u00f6ner, kr\u00e4ftiger Berner bin, bin ich auch ein supernetter Kerl, der immer gut gelaunt ist. \u00dcbrigens sind auch 3 meiner Geschwister \u2013 Jack Lemmon, Jenna Elfmann und Lizz Taylor \u2013 bereits angek\u00f6rt und wir alle sind HD frei, ED frei und OCD frei.<\/p>\n<p style=\"text-align: center;\">&nbsp;<\/p>\n","protected":false},"excerpt":{"rendered":"<p>Barolo von den Brunnb\u00e4ren HD A, ED 0 VSS\u00d6 ZZL Chris von Turnau &amp; Banja vom Zellnergut 28.01.2000 &#8211; 06.2008 Ich bin ein besonders liebenswerter und freundlicher R\u00fcde und meine St\u00e4rke liegt unter anderem auch darin, schwer zu deckende H\u00fcndinnen zu begl\u00fccken. Wie auf den Fotos zu sehen ist, bin ich ein sehr kr\u00e4ftiger R\u00fcde [&hellip;]<\/p>\n","protected":false},"author":1,"featured_media":0,"parent":0,"menu_order":0,"comment_status":"closed","ping_status":"closed","template":"","meta":{"ngg_post_thumbnail":0},"_links":{"self":[{"href":"https:\/\/brunnbaeren.com\/index.php?rest_route=\/wp\/v2\/pages\/1206"}],"collection":[{"href":"https:\/\/brunnbaeren.com\/index.php?rest_route=\/wp\/v2\/pages"}],"about":[{"href":"https:\/\/brunnbaeren.com\/index.php?rest_route=\/wp\/v2\/types\/page"}],"author":[{"embeddable":true,"href":"https:\/\/brunnbaeren.com\/index.php?rest_route=\/wp\/v2\/users\/1"}],"replies":[{"embeddable":true,"href":"https:\/\/brunnbaeren.com\/index.php?rest_route=%2Fwp%2Fv2%2Fcomments&post=1206"}],"version-history":[{"count":11,"href":"https:\/\/brunnbaeren.com\/index.php?rest_route=\/wp\/v2\/pages\/1206\/revisions"}],"predecessor-version":[{"id":4543,"href":"https:\/\/brunnbaeren.com\/index.php?rest_route=\/wp\/v2\/pages\/1206\/revisions\/4543"}],"wp:attachment":[{"href":"https:\/\/brunnbaeren.com\/index.php?rest_route=%2Fwp%2Fv2%2Fmedia&parent=1206"}],"curies":[{"name":"wp","href":"https:\/\/api.w.org\/{rel}","templated":true}]}}