{"id":1521,"date":"2015-12-19T10:26:40","date_gmt":"2015-12-19T10:26:40","guid":{"rendered":"http:\/\/brunnbaeren.com\/?page_id=1521"},"modified":"2016-02-20T16:02:26","modified_gmt":"2016-02-20T16:02:26","slug":"in-memoriam-2","status":"publish","type":"page","link":"https:\/\/brunnbaeren.com\/?page_id=1521","title":{"rendered":"in Memoriam"},"content":{"rendered":"<p style=\"text-align: center;\"><span style=\"text-decoration: underline;\"><strong><em><span style=\"color: #999999; text-decoration: underline;\">Die Regenbogenbr\u00fccke<\/span><\/em><\/strong><\/span><\/p>\n<p style=\"text-align: center;\"><em><span style=\"color: #999999;\">Eine Br\u00fccke verbindet Himmel und Erde.<\/span> <\/em><br \/>\n<em><span style=\"color: #999999;\">Wegen der vielen Farben nennt man sie \u201cBr\u00fccke des Regenbogens\u201d. <\/span><\/em><br \/>\n<em><span style=\"color: #999999;\">Auf dieser Seite des Regenbogens liegt ein Land <\/span><\/em><br \/>\n<em><span style=\"color: #999999;\">mit Wiesen, H\u00fcgeln und saftigem, gr\u00fcnen Gras.<\/span><\/em><br \/>\n<em><span style=\"color: #999999;\">Wenn ein geliebtes Tier auf Erden f\u00fcr immer eingeschlafen ist, <\/span><\/em><br \/>\n<em><span style=\"color: #999999;\">geht es zu diesem sch\u00f6nen Ort. <\/span><\/em><br \/>\n<em><span style=\"color: #999999;\">Dort gibt es immer zu fressen, zu trinken und es ist warm &#8211; es ist sch\u00f6nes Fr\u00fchlingswetter. <\/span><\/em><br \/>\n<em><span style=\"color: #999999;\">Die alten und kranken Tiere sind hier wieder jung und gesund. <\/span><\/em><br \/>\n<em><span style=\"color: #999999;\">Sie spielen den ganzen Tag zusammen. <\/span><\/em><br \/>\n<em><span style=\"color: #999999;\">Es gibt nur eins, was sie vermissen:<\/span><\/em><br \/>\n<em><span style=\"color: #999999;\">Sie sind nicht mit ihren Menschen zusammen, die sie auf Erden so geliebt haben.<\/span><\/em><br \/>\n<em><span style=\"color: #999999;\">So rennen und spielen sie jeden Tag zusammen,<\/span> <\/em><br \/>\n<span style=\"color: #999999;\"><em>bis eines Tages pl\u00f6tzlich eines inneh\u00e4lt un<span style=\"color: #999999;\">d aufsieht:<\/span><\/em><\/span><br \/>\n<span style=\"color: #999999;\"><em><span style=\"color: #999999;\">die Nase bebt, die Ohren stellen sich<\/span> auf und die Augen werden ganz gro\u00df!!!<\/em><\/span><br \/>\n<span style=\"color: #999999;\"><em>Pl\u00f6tzlich rennt es aus der Gruppe heraus und fliegt f\u00f6rmlich \u00fcber die gr\u00fcne Wiese. <\/em><\/span><br \/>\n<span style=\"color: #999999;\"><em>Die Pfoten tragen es schneller und immer schneller. Es hat Dich gesehen!!!<\/em><\/span><br \/>\n<span style=\"color: #999999;\"><em>Und wenn Du und Dein spezieller Freund einander treffen,<\/em><\/span><br \/>\n<span style=\"color: #999999;\"><em>nimmst Du ihn in Deine Arme und h\u00e4ltst ihn fest.<\/em><\/span><br \/>\n<span style=\"color: #999999;\"><em>Dein Gesicht wird wieder und wieder gek\u00fcsst , <\/em><\/span><br \/>\n<span style=\"color: #999999;\"><em>und Du schaust in die Augen Deines geliebten Tieres, <\/em><\/span><br \/>\n<span style=\"color: #999999;\"><em>das solange aus Deinem Leben verschwunden war,<\/em><\/span><br \/>\n<span style=\"color: #999999;\"><em>aber nie aus Deinem Herzen.<\/em><\/span><br \/>\n<span style=\"color: #999999;\"><em>Dann \u00fcberschreitet Ihr gemeinsam die Br\u00fccke des Regenbogens, <\/em><\/span><br \/>\n<span style=\"color: #999999;\"><em>um nie wieder getrennt zu sein.<\/em><\/span><\/p>\n","protected":false},"excerpt":{"rendered":"<p>Die Regenbogenbr\u00fccke Eine Br\u00fccke verbindet Himmel und Erde. Wegen der vielen Farben nennt man sie \u201cBr\u00fccke des Regenbogens\u201d. Auf dieser Seite des Regenbogens liegt ein Land mit Wiesen, H\u00fcgeln und saftigem, gr\u00fcnen Gras. Wenn ein geliebtes Tier auf Erden f\u00fcr immer eingeschlafen ist, geht es zu diesem sch\u00f6nen Ort. Dort gibt es immer zu fressen, [&hellip;]<\/p>\n","protected":false},"author":1,"featured_media":0,"parent":0,"menu_order":0,"comment_status":"closed","ping_status":"closed","template":"","meta":{"ngg_post_thumbnail":0},"_links":{"self":[{"href":"https:\/\/brunnbaeren.com\/index.php?rest_route=\/wp\/v2\/pages\/1521"}],"collection":[{"href":"https:\/\/brunnbaeren.com\/index.php?rest_route=\/wp\/v2\/pages"}],"about":[{"href":"https:\/\/brunnbaeren.com\/index.php?rest_route=\/wp\/v2\/types\/page"}],"author":[{"embeddable":true,"href":"https:\/\/brunnbaeren.com\/index.php?rest_route=\/wp\/v2\/users\/1"}],"replies":[{"embeddable":true,"href":"https:\/\/brunnbaeren.com\/index.php?rest_route=%2Fwp%2Fv2%2Fcomments&post=1521"}],"version-history":[{"count":3,"href":"https:\/\/brunnbaeren.com\/index.php?rest_route=\/wp\/v2\/pages\/1521\/revisions"}],"predecessor-version":[{"id":2013,"href":"https:\/\/brunnbaeren.com\/index.php?rest_route=\/wp\/v2\/pages\/1521\/revisions\/2013"}],"wp:attachment":[{"href":"https:\/\/brunnbaeren.com\/index.php?rest_route=%2Fwp%2Fv2%2Fmedia&parent=1521"}],"curies":[{"name":"wp","href":"https:\/\/api.w.org\/{rel}","templated":true}]}}