{"id":1563,"date":"2015-12-19T15:49:06","date_gmt":"2015-12-19T15:49:06","guid":{"rendered":"http:\/\/brunnbaeren.com\/?page_id=1563"},"modified":"2016-02-20T16:01:31","modified_gmt":"2016-02-20T16:01:31","slug":"falco-von-den-brunnbaeren-2","status":"publish","type":"page","link":"https:\/\/brunnbaeren.com\/?page_id=1563","title":{"rendered":"Falco von den Brunnb\u00e4ren"},"content":{"rendered":"<p style=\"text-align: center;\"><img decoding=\"async\" loading=\"lazy\" class=\"size-full wp-image-1575 aligncenter\" src=\"https:\/\/brunnbaeren.com\/wp-content\/uploads\/2015\/12\/Falco.jpg\" alt=\"OLYMPUS DIGITAL CAMERA\" width=\"134\" height=\"179\" srcset=\"https:\/\/brunnbaeren.com\/wp-content\/uploads\/2015\/12\/Falco.jpg 134w, https:\/\/brunnbaeren.com\/wp-content\/uploads\/2015\/12\/Falco-112x150.jpg 112w\" sizes=\"(max-width: 134px) 100vw, 134px\" \/><\/p>\n<p style=\"text-align: center;\">\u00d6HZB BS\u00a03786<\/p>\n<p style=\"text-align: center;\">HD A, ED 0\/0, DM: DM\/DM<\/p>\n<p style=\"text-align: center;\">Wurfdatum:\u00a025.06.2005<\/p>\n<p style=\"text-align: center;\">Thyrass von Aemmenm\u00e4tteli \u00a0&amp; Bea\u00a0von den Brunnb\u00e4ren<\/p>\n<p style=\"text-align: center;\"><a href=\"https:\/\/brunnbaeren.com\/wp-content\/uploads\/2015\/12\/FALCO-VON-DEN-BRUNNBREN_BS3786.pdf\" target=\"_blank\">K\u00f6rbericht<\/a><\/p>\n<p style=\"text-align: center;\"><a href=\"https:\/\/brunnbaeren.com\/wp-content\/uploads\/2015\/12\/Falco-von-den-Brunnb\u00e4ren_Stand-19.12.2015.pdf\" target=\"_blank\">Pedigree<\/a><\/p>\n<p style=\"text-align: center;\">Gruezi! ich bin eher einer von der gem\u00fctlichen Sorte. Was ich mache, mache ich zwar nicht sehr schnell, aber daf\u00fcr gr\u00fcndlich. So wie mein Vater Thyrass, denn immerhin habe ich 11 Geschwister. Am liebsten liege ich mit meinem Herrli oder noch besser auf meinem Herrli auf der Couch und lasse mich knuddeln. Berner sind doch Scho\u00dfhunde, oder ?<\/p>\n<p style=\"text-align: center;\">Nun bin ich \u00fcber 10 Jahre und bin als Deckr\u00fcde in Pension gegangen !<\/p>\n<div id='gallery-1' class='gallery galleryid-1563 gallery-columns-3 gallery-size-thumbnail'><figure class='gallery-item'>\n\t\t\t<div class='gallery-icon portrait'>\n\t\t\t\t<a href='https:\/\/brunnbaeren.com\/?attachment_id=1581'><img width=\"101\" height=\"150\" src=\"https:\/\/brunnbaeren.com\/wp-content\/uploads\/2015\/12\/Falco-1-101x150.jpg\" class=\"attachment-thumbnail size-thumbnail\" alt=\"\" decoding=\"async\" loading=\"lazy\" srcset=\"https:\/\/brunnbaeren.com\/wp-content\/uploads\/2015\/12\/Falco-1-101x150.jpg 101w, https:\/\/brunnbaeren.com\/wp-content\/uploads\/2015\/12\/Falco-1-202x300.jpg 202w, https:\/\/brunnbaeren.com\/wp-content\/uploads\/2015\/12\/Falco-1.jpg 256w\" sizes=\"(max-width: 101px) 100vw, 101px\" \/><\/a>\n\t\t\t<\/div><\/figure><figure class='gallery-item'>\n\t\t\t<div class='gallery-icon landscape'>\n\t\t\t\t<a href='https:\/\/brunnbaeren.com\/?attachment_id=1582'><img width=\"150\" height=\"114\" src=\"https:\/\/brunnbaeren.com\/wp-content\/uploads\/2015\/12\/Falco2-150x114.jpg\" class=\"attachment-thumbnail size-thumbnail\" alt=\"\" decoding=\"async\" loading=\"lazy\" srcset=\"https:\/\/brunnbaeren.com\/wp-content\/uploads\/2015\/12\/Falco2-150x114.jpg 150w, https:\/\/brunnbaeren.com\/wp-content\/uploads\/2015\/12\/Falco2-300x228.jpg 300w, https:\/\/brunnbaeren.com\/wp-content\/uploads\/2015\/12\/Falco2.jpg 432w\" sizes=\"(max-width: 150px) 100vw, 150px\" \/><\/a>\n\t\t\t<\/div><\/figure><figure class='gallery-item'>\n\t\t\t<div class='gallery-icon portrait'>\n\t\t\t\t<a href='https:\/\/brunnbaeren.com\/?attachment_id=1583'><img width=\"112\" height=\"150\" src=\"https:\/\/brunnbaeren.com\/wp-content\/uploads\/2015\/12\/Falco0506004-112x150.jpg\" class=\"attachment-thumbnail size-thumbnail\" alt=\"\" decoding=\"async\" loading=\"lazy\" aria-describedby=\"gallery-1-1583\" srcset=\"https:\/\/brunnbaeren.com\/wp-content\/uploads\/2015\/12\/Falco0506004-112x150.jpg 112w, https:\/\/brunnbaeren.com\/wp-content\/uploads\/2015\/12\/Falco0506004-225x300.jpg 225w, https:\/\/brunnbaeren.com\/wp-content\/uploads\/2015\/12\/Falco0506004.jpg 512w\" sizes=\"(max-width: 112px) 100vw, 112px\" \/><\/a>\n\t\t\t<\/div>\n\t\t\t\t<figcaption class='wp-caption-text gallery-caption' id='gallery-1-1583'>\n\t\t\t\tOLYMPUS DIGITAL CAMERA\n\t\t\t\t<\/figcaption><\/figure><figure class='gallery-item'>\n\t\t\t<div class='gallery-icon landscape'>\n\t\t\t\t<a href='https:\/\/brunnbaeren.com\/?attachment_id=1584'><img width=\"150\" height=\"112\" src=\"https:\/\/brunnbaeren.com\/wp-content\/uploads\/2015\/12\/Falco0506006-150x112.jpg\" class=\"attachment-thumbnail size-thumbnail\" alt=\"\" decoding=\"async\" loading=\"lazy\" aria-describedby=\"gallery-1-1584\" srcset=\"https:\/\/brunnbaeren.com\/wp-content\/uploads\/2015\/12\/Falco0506006-150x112.jpg 150w, https:\/\/brunnbaeren.com\/wp-content\/uploads\/2015\/12\/Falco0506006-300x224.jpg 300w, https:\/\/brunnbaeren.com\/wp-content\/uploads\/2015\/12\/Falco0506006.jpg 512w\" sizes=\"(max-width: 150px) 100vw, 150px\" \/><\/a>\n\t\t\t<\/div>\n\t\t\t\t<figcaption class='wp-caption-text gallery-caption' id='gallery-1-1584'>\n\t\t\t\tOLYMPUS DIGITAL CAMERA\n\t\t\t\t<\/figcaption><\/figure>\n\t\t<\/div>\n\n","protected":false},"excerpt":{"rendered":"<p>\u00d6HZB BS\u00a03786 HD A, ED 0\/0, DM: DM\/DM Wurfdatum:\u00a025.06.2005 Thyrass von Aemmenm\u00e4tteli \u00a0&amp; Bea\u00a0von den Brunnb\u00e4ren K\u00f6rbericht Pedigree Gruezi! ich bin eher einer von der gem\u00fctlichen Sorte. Was ich mache, mache ich zwar nicht sehr schnell, aber daf\u00fcr gr\u00fcndlich. So wie mein Vater Thyrass, denn immerhin habe ich 11 Geschwister. Am liebsten liege ich mit [&hellip;]<\/p>\n","protected":false},"author":1,"featured_media":0,"parent":0,"menu_order":0,"comment_status":"closed","ping_status":"closed","template":"","meta":{"ngg_post_thumbnail":0},"_links":{"self":[{"href":"https:\/\/brunnbaeren.com\/index.php?rest_route=\/wp\/v2\/pages\/1563"}],"collection":[{"href":"https:\/\/brunnbaeren.com\/index.php?rest_route=\/wp\/v2\/pages"}],"about":[{"href":"https:\/\/brunnbaeren.com\/index.php?rest_route=\/wp\/v2\/types\/page"}],"author":[{"embeddable":true,"href":"https:\/\/brunnbaeren.com\/index.php?rest_route=\/wp\/v2\/users\/1"}],"replies":[{"embeddable":true,"href":"https:\/\/brunnbaeren.com\/index.php?rest_route=%2Fwp%2Fv2%2Fcomments&post=1563"}],"version-history":[{"count":5,"href":"https:\/\/brunnbaeren.com\/index.php?rest_route=\/wp\/v2\/pages\/1563\/revisions"}],"predecessor-version":[{"id":1802,"href":"https:\/\/brunnbaeren.com\/index.php?rest_route=\/wp\/v2\/pages\/1563\/revisions\/1802"}],"wp:attachment":[{"href":"https:\/\/brunnbaeren.com\/index.php?rest_route=%2Fwp%2Fv2%2Fmedia&parent=1563"}],"curies":[{"name":"wp","href":"https:\/\/api.w.org\/{rel}","templated":true}]}}