{"id":1847,"date":"2016-01-11T20:24:20","date_gmt":"2016-01-11T20:24:20","guid":{"rendered":"http:\/\/brunnbaeren.com\/?page_id=1847"},"modified":"2017-09-07T09:54:10","modified_gmt":"2017-09-07T09:54:10","slug":"naps-von-den-brunnbaeren-neu","status":"publish","type":"page","link":"https:\/\/brunnbaeren.com\/?page_id=1847","title":{"rendered":"Naps von den Brunnb\u00e4ren"},"content":{"rendered":"<p style=\"text-align: center;\">Naps von den Brunnb\u00e4ren<\/p>\n<p><img decoding=\"async\" loading=\"lazy\" class=\"alignnone size-medium wp-image-1506 aligncenter\" src=\"https:\/\/brunnbaeren.com\/wp-content\/uploads\/2015\/12\/Naps1-300x200.jpg\" alt=\"Naps1\" width=\"300\" height=\"200\" srcset=\"https:\/\/brunnbaeren.com\/wp-content\/uploads\/2015\/12\/Naps1-300x200.jpg 300w, https:\/\/brunnbaeren.com\/wp-content\/uploads\/2015\/12\/Naps1.jpg 512w\" sizes=\"(max-width: 300px) 100vw, 300px\" \/><\/p>\n<p style=\"text-align: center;\">\u00d6HZB BS\u00a04799<\/p>\n<p style=\"text-align: center;\">HD A, ED 0, DM N\/DM<\/p>\n<p style=\"text-align: center;\">Wurfdatum:\u00a007.04.2011<\/p>\n<p style=\"text-align: center;\">Iwan van&#8217;t Maroyke\u00a0&amp; \u00a0Kayla von den Brunnb\u00e4ren<\/p>\n<p style=\"text-align: center;\"><a href=\"https:\/\/brunnbaeren.com\/wp-content\/uploads\/2015\/12\/BS_4799_NAPS-VON-DEN-BRUNNBAEREN2.pdf\" target=\"_blank\" rel=\"noopener\">K\u00f6rbericht<\/a><\/p>\n<p style=\"text-align: center;\"><a href=\"https:\/\/brunnbaeren.com\/wp-content\/uploads\/2015\/12\/Naps-von-den-Brunnb\u00e4ren_Stand-19.12.2015.pdf\" target=\"_blank\" rel=\"noopener\">Pedigree<\/a><\/p>\n<p><strong>Nachkommen<\/strong><\/p>\n<table width=\"509\">\n<tbody>\n<tr>\n<td width=\"141\">von Murau<\/td>\n<td width=\"208\">Odessa von Murau<\/td>\n<td width=\"80\">22.04.2016<\/td>\n<td width=\"80\">3 R \/ 2 H<\/td>\n<\/tr>\n<tr>\n<td>vom Rauh zu Buch<\/td>\n<td>Abali vom Gr\u00fcnlandfelsen<\/td>\n<td>25.01.2017<\/td>\n<td>2 R \/ 4 H<\/td>\n<\/tr>\n<tr>\n<td><\/td>\n<td><\/td>\n<td><\/td>\n<td><\/td>\n<\/tr>\n<tr>\n<td><\/td>\n<td><\/td>\n<td><\/td>\n<td><\/td>\n<\/tr>\n<tr>\n<td><\/td>\n<td><\/td>\n<td><\/td>\n<td><\/td>\n<\/tr>\n<\/tbody>\n<\/table>\n<p><a href=\"https:\/\/www.facebook.com\/pg\/brunnbaeren\/photos\/?tab=album&amp;album_id=674674896063221\" target=\"_blank\" rel=\"noopener\">Fotogalerie der Nachkommen<\/a><\/p>\n<p style=\"text-align: center;\">***<\/p>\n<p>Warum ich Naps hei\u00dfe ? Na weil ich der s\u00fc\u00dfeste Berner weit und breit bin &#8211; laut meinen Leuten bin ich vom Wesen und vom Aussehen her einfach ein Traumberner &#8211; und die werden es ja wissen \ud83d\ude09<br \/>\nIch liebe andere Hunde, Katzen, Menschen, &#8230;. und kann gar nicht verstehen, dass nicht alle so sind wie ich. Somit war auch die K\u00f6rung kein Problem f\u00fcr mich.<\/p>\n<p>Ich wurde ohne Einschr\u00e4nkungen angek\u00f6rt (nur meine Frisur war an diesem Tag nicht ideal \ud83d\ude09 )<br \/>\nHervorgehoben wurden meine kr\u00e4ftigen Knochen, sch\u00f6ne Winkelungen, sehr gutes Gangwerk, sicheres Wesen &#8230;.<\/p>\n<p>\u00dcbrigens sind alle meine Geschwister HD und ED frei und neben Nacho sind auch noch Nutella und Neela angek\u00f6rt &#8211; also mit Recht ist unsere Z\u00fcchterin sehr stolz auf ihre N-B\u00e4ren.<\/p>\n<p><!-- index.php -->\n<div\n\tclass=\"ngg-galleryoverview\n\t ngg-ajax-pagination-none\t\"\n\tid=\"ngg-gallery-3f3eaa716b044f9bfe1e7c0b7d54fe15-1\">\n\n\t\t\t<!-- Thumbnails -->\n\t\t\t\t<div id=\"ngg-image-0\" class=\"ngg-gallery-thumbnail-box\" \n\t\t\t\t\t\t\t\t\t\t\t>\n\t\t\t\t\t\t<div class=\"ngg-gallery-thumbnail\">\n\t\t\t<a href=\"https:\/\/brunnbaeren.com\/wp-content\/gallery\/naps-von-den-brunnbaeren\/Naps1.JPG\"\n\t\t\t\ttitle=\"\"\n\t\t\t\tdata-src=\"https:\/\/brunnbaeren.com\/wp-content\/gallery\/naps-von-den-brunnbaeren\/Naps1.JPG\"\n\t\t\t\tdata-thumbnail=\"https:\/\/brunnbaeren.com\/wp-content\/gallery\/naps-von-den-brunnbaeren\/thumbs\/thumbs_Naps1.JPG\"\n\t\t\t\tdata-image-id=\"591\"\n\t\t\t\tdata-title=\"Naps1\"\n\t\t\t\tdata-description=\"\"\n\t\t\t\tdata-image-slug=\"naps1-1\"\n\t\t\t\tclass=\"ngg-fancybox\" rel=\"3f3eaa716b044f9bfe1e7c0b7d54fe15\">\n\t\t\t\t<img\n\t\t\t\t\ttitle=\"Naps1\"\n\t\t\t\t\talt=\"Naps1\"\n\t\t\t\t\tsrc=\"https:\/\/brunnbaeren.com\/wp-content\/gallery\/naps-von-den-brunnbaeren\/thumbs\/thumbs_Naps1.JPG\"\n\t\t\t\t\twidth=\"240\"\n\t\t\t\t\theight=\"160\"\n\t\t\t\t\tstyle=\"max-width:100%;\"\n\t\t\t\t\/>\n\t\t\t<\/a>\n\t\t<\/div>\n\t\t\t\t\t\t\t<\/div> \n\t\t\t\n\t\t\n\t\t\t\t<div id=\"ngg-image-1\" class=\"ngg-gallery-thumbnail-box\" \n\t\t\t\t\t\t\t\t\t\t\t>\n\t\t\t\t\t\t<div class=\"ngg-gallery-thumbnail\">\n\t\t\t<a href=\"https:\/\/brunnbaeren.com\/wp-content\/gallery\/naps-von-den-brunnbaeren\/Naps2.JPG\"\n\t\t\t\ttitle=\"\"\n\t\t\t\tdata-src=\"https:\/\/brunnbaeren.com\/wp-content\/gallery\/naps-von-den-brunnbaeren\/Naps2.JPG\"\n\t\t\t\tdata-thumbnail=\"https:\/\/brunnbaeren.com\/wp-content\/gallery\/naps-von-den-brunnbaeren\/thumbs\/thumbs_Naps2.JPG\"\n\t\t\t\tdata-image-id=\"592\"\n\t\t\t\tdata-title=\"Naps2\"\n\t\t\t\tdata-description=\"\"\n\t\t\t\tdata-image-slug=\"naps2-2\"\n\t\t\t\tclass=\"ngg-fancybox\" rel=\"3f3eaa716b044f9bfe1e7c0b7d54fe15\">\n\t\t\t\t<img\n\t\t\t\t\ttitle=\"Naps2\"\n\t\t\t\t\talt=\"Naps2\"\n\t\t\t\t\tsrc=\"https:\/\/brunnbaeren.com\/wp-content\/gallery\/naps-von-den-brunnbaeren\/thumbs\/thumbs_Naps2.JPG\"\n\t\t\t\t\twidth=\"240\"\n\t\t\t\t\theight=\"160\"\n\t\t\t\t\tstyle=\"max-width:100%;\"\n\t\t\t\t\/>\n\t\t\t<\/a>\n\t\t<\/div>\n\t\t\t\t\t\t\t<\/div> \n\t\t\t\n\t\t\n\t\t\t\t<div id=\"ngg-image-2\" class=\"ngg-gallery-thumbnail-box\" \n\t\t\t\t\t\t\t\t\t\t\t>\n\t\t\t\t\t\t<div class=\"ngg-gallery-thumbnail\">\n\t\t\t<a href=\"https:\/\/brunnbaeren.com\/wp-content\/gallery\/naps-von-den-brunnbaeren\/Naps3.JPG\"\n\t\t\t\ttitle=\"\"\n\t\t\t\tdata-src=\"https:\/\/brunnbaeren.com\/wp-content\/gallery\/naps-von-den-brunnbaeren\/Naps3.JPG\"\n\t\t\t\tdata-thumbnail=\"https:\/\/brunnbaeren.com\/wp-content\/gallery\/naps-von-den-brunnbaeren\/thumbs\/thumbs_Naps3.JPG\"\n\t\t\t\tdata-image-id=\"593\"\n\t\t\t\tdata-title=\"Naps3\"\n\t\t\t\tdata-description=\"\"\n\t\t\t\tdata-image-slug=\"naps3-1\"\n\t\t\t\tclass=\"ngg-fancybox\" rel=\"3f3eaa716b044f9bfe1e7c0b7d54fe15\">\n\t\t\t\t<img\n\t\t\t\t\ttitle=\"Naps3\"\n\t\t\t\t\talt=\"Naps3\"\n\t\t\t\t\tsrc=\"https:\/\/brunnbaeren.com\/wp-content\/gallery\/naps-von-den-brunnbaeren\/thumbs\/thumbs_Naps3.JPG\"\n\t\t\t\t\twidth=\"240\"\n\t\t\t\t\theight=\"160\"\n\t\t\t\t\tstyle=\"max-width:100%;\"\n\t\t\t\t\/>\n\t\t\t<\/a>\n\t\t<\/div>\n\t\t\t\t\t\t\t<\/div> \n\t\t\t\n\t\t\n\t\t\t\t<div id=\"ngg-image-3\" class=\"ngg-gallery-thumbnail-box\" \n\t\t\t\t\t\t\t\t\t\t\t>\n\t\t\t\t\t\t<div class=\"ngg-gallery-thumbnail\">\n\t\t\t<a href=\"https:\/\/brunnbaeren.com\/wp-content\/gallery\/naps-von-den-brunnbaeren\/Naps4.JPG\"\n\t\t\t\ttitle=\"\"\n\t\t\t\tdata-src=\"https:\/\/brunnbaeren.com\/wp-content\/gallery\/naps-von-den-brunnbaeren\/Naps4.JPG\"\n\t\t\t\tdata-thumbnail=\"https:\/\/brunnbaeren.com\/wp-content\/gallery\/naps-von-den-brunnbaeren\/thumbs\/thumbs_Naps4.JPG\"\n\t\t\t\tdata-image-id=\"594\"\n\t\t\t\tdata-title=\"Naps4\"\n\t\t\t\tdata-description=\"\"\n\t\t\t\tdata-image-slug=\"naps4-1\"\n\t\t\t\tclass=\"ngg-fancybox\" rel=\"3f3eaa716b044f9bfe1e7c0b7d54fe15\">\n\t\t\t\t<img\n\t\t\t\t\ttitle=\"Naps4\"\n\t\t\t\t\talt=\"Naps4\"\n\t\t\t\t\tsrc=\"https:\/\/brunnbaeren.com\/wp-content\/gallery\/naps-von-den-brunnbaeren\/thumbs\/thumbs_Naps4.JPG\"\n\t\t\t\t\twidth=\"240\"\n\t\t\t\t\theight=\"160\"\n\t\t\t\t\tstyle=\"max-width:100%;\"\n\t\t\t\t\/>\n\t\t\t<\/a>\n\t\t<\/div>\n\t\t\t\t\t\t\t<\/div> \n\t\t\t\n\t\t\n\t\t\n\t\t<!-- Pagination -->\n\t\t<div class='ngg-navigation'><span class='current'>1<\/span>\n<a class='page-numbers' data-pageid='2' href='https:\/\/brunnbaeren.com\/index.php\/nggallery\/page\/2?page_id=1847'>2<\/a>\n<a class='prev' href='https:\/\/brunnbaeren.com\/index.php\/nggallery\/page\/2?page_id=1847' data-pageid=2>&#9658;<\/a><\/div>\t<\/div>\n<\/p>\n","protected":false},"excerpt":{"rendered":"<p>Naps von den Brunnb\u00e4ren \u00d6HZB BS\u00a04799 HD A, ED 0, DM N\/DM Wurfdatum:\u00a007.04.2011 Iwan van&#8217;t Maroyke\u00a0&amp; \u00a0Kayla von den Brunnb\u00e4ren K\u00f6rbericht Pedigree Nachkommen von Murau Odessa von Murau 22.04.2016 3 R \/ 2 H vom Rauh zu Buch Abali vom Gr\u00fcnlandfelsen 25.01.2017 2 R \/ 4 H Fotogalerie der Nachkommen *** Warum ich Naps hei\u00dfe [&hellip;]<\/p>\n","protected":false},"author":1,"featured_media":0,"parent":0,"menu_order":0,"comment_status":"closed","ping_status":"closed","template":"","meta":{"ngg_post_thumbnail":0},"_links":{"self":[{"href":"https:\/\/brunnbaeren.com\/index.php?rest_route=\/wp\/v2\/pages\/1847"}],"collection":[{"href":"https:\/\/brunnbaeren.com\/index.php?rest_route=\/wp\/v2\/pages"}],"about":[{"href":"https:\/\/brunnbaeren.com\/index.php?rest_route=\/wp\/v2\/types\/page"}],"author":[{"embeddable":true,"href":"https:\/\/brunnbaeren.com\/index.php?rest_route=\/wp\/v2\/users\/1"}],"replies":[{"embeddable":true,"href":"https:\/\/brunnbaeren.com\/index.php?rest_route=%2Fwp%2Fv2%2Fcomments&post=1847"}],"version-history":[{"count":7,"href":"https:\/\/brunnbaeren.com\/index.php?rest_route=\/wp\/v2\/pages\/1847\/revisions"}],"predecessor-version":[{"id":3357,"href":"https:\/\/brunnbaeren.com\/index.php?rest_route=\/wp\/v2\/pages\/1847\/revisions\/3357"}],"wp:attachment":[{"href":"https:\/\/brunnbaeren.com\/index.php?rest_route=%2Fwp%2Fv2%2Fmedia&parent=1847"}],"curies":[{"name":"wp","href":"https:\/\/api.w.org\/{rel}","templated":true}]}}