{"id":21,"date":"2015-12-18T15:32:35","date_gmt":"2015-12-18T15:32:35","guid":{"rendered":"http:\/\/brunnbaeren.com\/?page_id=21"},"modified":"2016-02-20T15:59:29","modified_gmt":"2016-02-20T15:59:29","slug":"escara-von-den-brunnbaeren","status":"publish","type":"page","link":"https:\/\/brunnbaeren.com\/?page_id=21","title":{"rendered":"Escara von den Brunnb\u00e4ren"},"content":{"rendered":"<p style=\"text-align: center;\"><strong>Escara von den Brunnb\u00e4ren<\/strong><\/p>\n<p style=\"text-align: center;\">11.07.2004 &#8211; 08.02.2016<\/p>\n<p>Der liebenswerteste, tapferste\u00a0 Hund ist \u00fcber die Regenbogenbr\u00fccke gegangen \u2013 unser geliebtes \u201eEselchen\u201c. Ich habe Dich bei Deinem ersten Atemzug, ebenso wie bei Deinem letzten in den Armen gehalten. Dazwischen warst Du nun fast 12 Jahre an unserer Seite. Die L\u00fccke, die Du hinterl\u00e4sst, ist unfassbar gro\u00df. Nur die vielen sch\u00f6nen Erinnerungen, die Du uns hinterl\u00e4sst, werden irgendwann unser gebrochenes Herz heilen \u2013 denn davon gibt es viele. Du warst immer unser Pechvogel: Operationen vom Darmverschluss, \u00fcber 2 Kaiserschnitte, einer Granne, die sich tief in Deine Muskulatur gebohrt hat, Geb\u00e4rmutterentz\u00fcndung,\u2026\u2026 Du bist nach jeder Operation aus der Narkose erwacht, hast uns freudig angewedelt und mit Deinem fr\u00f6hlichen Bellen nach Futter verlangt. Selbst im letzten Jahr, als Du Dich nur mehr in Deinem Rollwagerl selbstst\u00e4ndig fortbewegen konntest, hast Du nie Deine unb\u00e4ndige Lebensfreude und Deinen Lebenswillen verloren. Wir haben von Dir so viel lernen k\u00f6nnen, was Lebensmut, Vertrauen und unbedingte Liebe anbelangt. Damit hast Du nicht nur uns in all den Jahren so viel gegeben, auch als Therapiehund im Altersheim mit an Demenz erkrankten Patienten hast Du so viel Freude bereitet und so viel bewirkt. Das letzte Jahr war sicher nicht leicht f\u00fcr uns alle, aber wir m\u00f6chten keine Minute missen. Als es f\u00fcr Dich auch im Rollwagerl nicht mehr m\u00f6glich war, Dich selbst fortzubewegen, hast Du beschlossen zu gehen. Selbst\u00a0 diese Entscheidung hast Du uns erspart. Es gibt kaum einen Trost, au\u00dfer den Gedanken, dass Du jetzt wieder unbeschwert \u00fcber eine Wiese oder durch den Schnee laufen kannst und die Hoffnung, dass einer Deiner Nachkommen, ein kleiner \u201eEsel\u201c irgendwann wieder bei uns einziehen wird.<\/p>\n<p>Danke f\u00fcr diese vielen, wundersch\u00f6nen Jahre, die Du mit uns gelebt hast und f\u00fcr Deine bedingungslose Liebe!<\/p>\n<p>Ihr freundliches Wesen hat sie von Mama Bea geerbt. Ihren kr\u00e4ftigen K\u00f6rperbau und ihre gem\u00fctliche Ader hat sie wohl von Oma Banja, Den Spitznamen &#8222;Eselchen&#8220; oder nur &#8222;Esel&#8220; hat sie sich redlich verdient &#8211; versucht sie doch des \u00f6fteren ihren gro\u00dfen Bernerdickkopf durchzusetzen. Sie hat es ganz toll drauf, alle die uns besuchen mit ihrem Charme sprichw\u00f6rtlich um die Pfote zu wickeln.<\/p>\n<p><!-- index.php -->\n<div\n\tclass=\"ngg-galleryoverview\n\t ngg-ajax-pagination-none\t\"\n\tid=\"ngg-gallery-b2799b6ec008ca9ce2ba0c4f9aa612d0-1\">\n\n\t\t\t<!-- Thumbnails -->\n\t\t\t\t<div id=\"ngg-image-0\" class=\"ngg-gallery-thumbnail-box\" \n\t\t\t\t\t\t\t\t\t\t\t>\n\t\t\t\t\t\t<div class=\"ngg-gallery-thumbnail\">\n\t\t\t<a href=\"https:\/\/brunnbaeren.com\/wp-content\/gallery\/escara-von-den-brunnbaeren\/comp_20140921_174357.jpg\"\n\t\t\t\ttitle=\"\"\n\t\t\t\tdata-src=\"https:\/\/brunnbaeren.com\/wp-content\/gallery\/escara-von-den-brunnbaeren\/comp_20140921_174357.jpg\"\n\t\t\t\tdata-thumbnail=\"https:\/\/brunnbaeren.com\/wp-content\/gallery\/escara-von-den-brunnbaeren\/thumbs\/thumbs_comp_20140921_174357.jpg\"\n\t\t\t\tdata-image-id=\"613\"\n\t\t\t\tdata-title=\"comp_20140921_174357\"\n\t\t\t\tdata-description=\"\"\n\t\t\t\tdata-image-slug=\"comp_20140921_174357\"\n\t\t\t\tclass=\"ngg-fancybox\" rel=\"b2799b6ec008ca9ce2ba0c4f9aa612d0\">\n\t\t\t\t<img\n\t\t\t\t\ttitle=\"comp_20140921_174357\"\n\t\t\t\t\talt=\"comp_20140921_174357\"\n\t\t\t\t\tsrc=\"https:\/\/brunnbaeren.com\/wp-content\/gallery\/escara-von-den-brunnbaeren\/thumbs\/thumbs_comp_20140921_174357.jpg\"\n\t\t\t\t\twidth=\"240\"\n\t\t\t\t\theight=\"160\"\n\t\t\t\t\tstyle=\"max-width:100%;\"\n\t\t\t\t\/>\n\t\t\t<\/a>\n\t\t<\/div>\n\t\t\t\t\t\t\t<\/div> \n\t\t\t\n\t\t\n\t\t\t\t<div id=\"ngg-image-1\" class=\"ngg-gallery-thumbnail-box\" \n\t\t\t\t\t\t\t\t\t\t\t>\n\t\t\t\t\t\t<div class=\"ngg-gallery-thumbnail\">\n\t\t\t<a href=\"https:\/\/brunnbaeren.com\/wp-content\/gallery\/escara-von-den-brunnbaeren\/comp_IMG_5568.jpg\"\n\t\t\t\ttitle=\"\"\n\t\t\t\tdata-src=\"https:\/\/brunnbaeren.com\/wp-content\/gallery\/escara-von-den-brunnbaeren\/comp_IMG_5568.jpg\"\n\t\t\t\tdata-thumbnail=\"https:\/\/brunnbaeren.com\/wp-content\/gallery\/escara-von-den-brunnbaeren\/thumbs\/thumbs_comp_IMG_5568.jpg\"\n\t\t\t\tdata-image-id=\"614\"\n\t\t\t\tdata-title=\"Escara von den Brunnb\u00e4ren\"\n\t\t\t\tdata-description=\"\"\n\t\t\t\tdata-image-slug=\"comp_img_5568\"\n\t\t\t\tclass=\"ngg-fancybox\" rel=\"b2799b6ec008ca9ce2ba0c4f9aa612d0\">\n\t\t\t\t<img\n\t\t\t\t\ttitle=\"Escara von den Brunnb\u00e4ren\"\n\t\t\t\t\talt=\"Escara von den Brunnb\u00e4ren\"\n\t\t\t\t\tsrc=\"https:\/\/brunnbaeren.com\/wp-content\/gallery\/escara-von-den-brunnbaeren\/thumbs\/thumbs_comp_IMG_5568.jpg\"\n\t\t\t\t\twidth=\"240\"\n\t\t\t\t\theight=\"160\"\n\t\t\t\t\tstyle=\"max-width:100%;\"\n\t\t\t\t\/>\n\t\t\t<\/a>\n\t\t<\/div>\n\t\t\t\t\t\t\t<\/div> \n\t\t\t\n\t\t\n\t\t\t\t<div id=\"ngg-image-2\" class=\"ngg-gallery-thumbnail-box\" \n\t\t\t\t\t\t\t\t\t\t\t>\n\t\t\t\t\t\t<div class=\"ngg-gallery-thumbnail\">\n\t\t\t<a href=\"https:\/\/brunnbaeren.com\/wp-content\/gallery\/escara-von-den-brunnbaeren\/comp_IMG_5641.jpg\"\n\t\t\t\ttitle=\"\"\n\t\t\t\tdata-src=\"https:\/\/brunnbaeren.com\/wp-content\/gallery\/escara-von-den-brunnbaeren\/comp_IMG_5641.jpg\"\n\t\t\t\tdata-thumbnail=\"https:\/\/brunnbaeren.com\/wp-content\/gallery\/escara-von-den-brunnbaeren\/thumbs\/thumbs_comp_IMG_5641.jpg\"\n\t\t\t\tdata-image-id=\"615\"\n\t\t\t\tdata-title=\"Escara von den Brunnb\u00e4ren\"\n\t\t\t\tdata-description=\"\"\n\t\t\t\tdata-image-slug=\"comp_img_5641\"\n\t\t\t\tclass=\"ngg-fancybox\" rel=\"b2799b6ec008ca9ce2ba0c4f9aa612d0\">\n\t\t\t\t<img\n\t\t\t\t\ttitle=\"Escara von den Brunnb\u00e4ren\"\n\t\t\t\t\talt=\"Escara von den Brunnb\u00e4ren\"\n\t\t\t\t\tsrc=\"https:\/\/brunnbaeren.com\/wp-content\/gallery\/escara-von-den-brunnbaeren\/thumbs\/thumbs_comp_IMG_5641.jpg\"\n\t\t\t\t\twidth=\"240\"\n\t\t\t\t\theight=\"160\"\n\t\t\t\t\tstyle=\"max-width:100%;\"\n\t\t\t\t\/>\n\t\t\t<\/a>\n\t\t<\/div>\n\t\t\t\t\t\t\t<\/div> \n\t\t\t\n\t\t\n\t\t\t\t<div id=\"ngg-image-3\" class=\"ngg-gallery-thumbnail-box\" \n\t\t\t\t\t\t\t\t\t\t\t>\n\t\t\t\t\t\t<div class=\"ngg-gallery-thumbnail\">\n\t\t\t<a href=\"https:\/\/brunnbaeren.com\/wp-content\/gallery\/escara-von-den-brunnbaeren\/Escara-11.G-HP2.jpg\"\n\t\t\t\ttitle=\"\"\n\t\t\t\tdata-src=\"https:\/\/brunnbaeren.com\/wp-content\/gallery\/escara-von-den-brunnbaeren\/Escara-11.G-HP2.jpg\"\n\t\t\t\tdata-thumbnail=\"https:\/\/brunnbaeren.com\/wp-content\/gallery\/escara-von-den-brunnbaeren\/thumbs\/thumbs_Escara-11.G-HP2.jpg\"\n\t\t\t\tdata-image-id=\"543\"\n\t\t\t\tdata-title=\"Escara 11.G HP2\"\n\t\t\t\tdata-description=\"\"\n\t\t\t\tdata-image-slug=\"escara-11-g-hp2-1\"\n\t\t\t\tclass=\"ngg-fancybox\" rel=\"b2799b6ec008ca9ce2ba0c4f9aa612d0\">\n\t\t\t\t<img\n\t\t\t\t\ttitle=\"Escara 11.G HP2\"\n\t\t\t\t\talt=\"Escara 11.G HP2\"\n\t\t\t\t\tsrc=\"https:\/\/brunnbaeren.com\/wp-content\/gallery\/escara-von-den-brunnbaeren\/thumbs\/thumbs_Escara-11.G-HP2.jpg\"\n\t\t\t\t\twidth=\"240\"\n\t\t\t\t\theight=\"160\"\n\t\t\t\t\tstyle=\"max-width:100%;\"\n\t\t\t\t\/>\n\t\t\t<\/a>\n\t\t<\/div>\n\t\t\t\t\t\t\t<\/div> \n\t\t\t\n\t\t\n\t\t\n\t\t<!-- Pagination -->\n\t\t<div class='ngg-navigation'><span class='current'>1<\/span>\n<a class='page-numbers' data-pageid='2' href='https:\/\/brunnbaeren.com\/index.php\/nggallery\/page\/2?page_id=21'>2<\/a>\n<span class='ellipsis'>...<\/span>\n<a class='page-numbers' data-pageid='6' href='https:\/\/brunnbaeren.com\/index.php\/nggallery\/page\/6?page_id=21'>6<\/a>\n<a class='prev' href='https:\/\/brunnbaeren.com\/index.php\/nggallery\/page\/2?page_id=21' data-pageid=2>&#9658;<\/a><\/div>\t<\/div>\n<\/p>\n<p>&nbsp;<\/p>\n<p style=\"text-align: left;\">K\u00f6rbericht (pdf)<\/p>\n<p style=\"text-align: left;\"><a href=\"https:\/\/brunnbaeren.com\/wp-content\/uploads\/2015\/12\/Escara-von-den-Brunnb\u00e4ren_Stand-19.12.2015.pdf\" target=\"_blank\">Pedigree\u00a0(pdf)<\/a><\/p>\n","protected":false},"excerpt":{"rendered":"<p>Escara von den Brunnb\u00e4ren 11.07.2004 &#8211; 08.02.2016 Der liebenswerteste, tapferste\u00a0 Hund ist \u00fcber die Regenbogenbr\u00fccke gegangen \u2013 unser geliebtes \u201eEselchen\u201c. Ich habe Dich bei Deinem ersten Atemzug, ebenso wie bei Deinem letzten in den Armen gehalten. Dazwischen warst Du nun fast 12 Jahre an unserer Seite. Die L\u00fccke, die Du hinterl\u00e4sst, ist unfassbar gro\u00df. Nur [&hellip;]<\/p>\n","protected":false},"author":1,"featured_media":0,"parent":0,"menu_order":0,"comment_status":"closed","ping_status":"closed","template":"","meta":{"ngg_post_thumbnail":0},"_links":{"self":[{"href":"https:\/\/brunnbaeren.com\/index.php?rest_route=\/wp\/v2\/pages\/21"}],"collection":[{"href":"https:\/\/brunnbaeren.com\/index.php?rest_route=\/wp\/v2\/pages"}],"about":[{"href":"https:\/\/brunnbaeren.com\/index.php?rest_route=\/wp\/v2\/types\/page"}],"author":[{"embeddable":true,"href":"https:\/\/brunnbaeren.com\/index.php?rest_route=\/wp\/v2\/users\/1"}],"replies":[{"embeddable":true,"href":"https:\/\/brunnbaeren.com\/index.php?rest_route=%2Fwp%2Fv2%2Fcomments&post=21"}],"version-history":[{"count":11,"href":"https:\/\/brunnbaeren.com\/index.php?rest_route=\/wp\/v2\/pages\/21\/revisions"}],"predecessor-version":[{"id":2010,"href":"https:\/\/brunnbaeren.com\/index.php?rest_route=\/wp\/v2\/pages\/21\/revisions\/2010"}],"wp:attachment":[{"href":"https:\/\/brunnbaeren.com\/index.php?rest_route=%2Fwp%2Fv2%2Fmedia&parent=21"}],"curies":[{"name":"wp","href":"https:\/\/api.w.org\/{rel}","templated":true}]}}