{"id":25,"date":"2015-12-18T15:36:10","date_gmt":"2015-12-18T15:36:10","guid":{"rendered":"http:\/\/brunnbaeren.com\/?page_id=25"},"modified":"2020-03-06T18:26:05","modified_gmt":"2020-03-06T18:26:05","slug":"home","status":"publish","type":"page","link":"https:\/\/brunnbaeren.com\/","title":{"rendered":"Home"},"content":{"rendered":"<h3 style=\"text-align: center;\"><span style=\"color: #4e87d8;\"><strong>Herzlich Willkommen <\/strong><\/span><\/h3>\n<p style=\"text-align: center;\">bei den<\/p>\n<p style=\"text-align: center;\">Berner Sennenhunden&nbsp;<strong>&#8222;von den Brunnb\u00e4ren&#8220;<\/strong><\/p>\n<p style=\"text-align: center;\">&amp;<\/p>\n<p style=\"text-align: center;\">Maine Coons&nbsp;<strong>&#8222;Alegria&#8217;s&#8220;<\/strong><\/p>\n<p style=\"text-align: center;\">wir w\u00fcnschen viel Spa\u00df beim St\u00f6bern durch unsere Seiten<\/p>\n<p>&nbsp;<\/p>\n<p style=\"text-align: center;\">Fam. Ponweiser<\/p>\n<p style=\"text-align: center;\"><img decoding=\"async\" loading=\"lazy\" class=\"alignnone size-full wp-image-26\" src=\"https:\/\/brunnbaeren.com\/wp-content\/uploads\/2015\/12\/7.gif\" alt=\"7\" width=\"107\" height=\"105\"><\/p>\n<p>&nbsp;<\/p>\n<p>&nbsp;<\/p>\n","protected":false},"excerpt":{"rendered":"<p>Herzlich Willkommen bei den Berner Sennenhunden&nbsp;&#8222;von den Brunnb\u00e4ren&#8220; &amp; Maine Coons&nbsp;&#8222;Alegria&#8217;s&#8220; wir w\u00fcnschen viel Spa\u00df beim St\u00f6bern durch unsere Seiten &nbsp; Fam. Ponweiser &nbsp; &nbsp;<\/p>\n","protected":false},"author":1,"featured_media":0,"parent":0,"menu_order":0,"comment_status":"closed","ping_status":"closed","template":"","meta":{"ngg_post_thumbnail":0},"_links":{"self":[{"href":"https:\/\/brunnbaeren.com\/index.php?rest_route=\/wp\/v2\/pages\/25"}],"collection":[{"href":"https:\/\/brunnbaeren.com\/index.php?rest_route=\/wp\/v2\/pages"}],"about":[{"href":"https:\/\/brunnbaeren.com\/index.php?rest_route=\/wp\/v2\/types\/page"}],"author":[{"embeddable":true,"href":"https:\/\/brunnbaeren.com\/index.php?rest_route=\/wp\/v2\/users\/1"}],"replies":[{"embeddable":true,"href":"https:\/\/brunnbaeren.com\/index.php?rest_route=%2Fwp%2Fv2%2Fcomments&post=25"}],"version-history":[{"count":12,"href":"https:\/\/brunnbaeren.com\/index.php?rest_route=\/wp\/v2\/pages\/25\/revisions"}],"predecessor-version":[{"id":4776,"href":"https:\/\/brunnbaeren.com\/index.php?rest_route=\/wp\/v2\/pages\/25\/revisions\/4776"}],"wp:attachment":[{"href":"https:\/\/brunnbaeren.com\/index.php?rest_route=%2Fwp%2Fv2%2Fmedia&parent=25"}],"curies":[{"name":"wp","href":"https:\/\/api.w.org\/{rel}","templated":true}]}}