{"id":2603,"date":"2016-08-10T07:48:57","date_gmt":"2016-08-10T07:48:57","guid":{"rendered":"http:\/\/brunnbaeren.com\/?page_id=2603"},"modified":"2016-08-14T11:04:26","modified_gmt":"2016-08-14T11:04:26","slug":"coonies-zucht","status":"publish","type":"page","link":"https:\/\/brunnbaeren.com\/?page_id=2603","title":{"rendered":"Coonies &#038; Zucht"},"content":{"rendered":"<p><span style=\"text-decoration: underline;\">So leben unsere Katzen:<\/span><\/p>\n<p>Wir versuchen unsere Katzen m\u00f6glichst artgerecht zu halten. Dazu geh\u00f6rt auf jeden Fall eine gesunde F\u00fctterung. Unsere Katzen bekommen neben Frischfleisch nur hochwertiges Fertigfutter mit hohem Fleischgehalt und m\u00f6glichst ohne chemische Zus\u00e4tze, Geschmacksverst\u00e4rker und Zucker.<\/p>\n<p>Unsere Katzen d\u00fcrfen sich bei uns im Haus frei bewegen und au\u00dferdem haben sie ein Freigehege mit gro\u00dfem Kratzbaum und Wiese zur Verf\u00fcgung. Nachdem einige unserer Hauskatzen spurlos verschwunden sind oder wir einen unserer Kater von einem Auto angefahren schwer verletzt gefunden haben, wollten wir bei unseren Coonies den unkontrollierten Freigang nicht mehr riskieren.<\/p>\n<p>&nbsp;<\/p>\n<p><span style=\"text-decoration: underline;\">Zucht \u2013 ein K\u00e4tzchen von uns?<\/span><\/p>\n<p>Gesundheit und Wohlbefinden steht bei uns an erster Stelle und so versuchen wir bei uns schon den Grundstock f\u00fcr ein gesundes Katzenleben zu legen. Unsere Katzen stammen von einer Z\u00fcchterin, die schon \u00fcber viele Generationen ihre Zuchtiere auf erbliche Erkrankungen untersuchen l\u00e4sst. Dazu geh\u00f6rt die Untersuchung auf HCM (Erkrankung des Herzens) und PKD (Erkrankung der Nieren). Auch unsere Tiere sind von einer Spezialistin auf diese Erkrankungen untersucht und als frei davon befunden worden.<\/p>\n<p>Bei Katzen mit Stammbaum kann also \u00fcber Generationen das Auftreten von erblich bedingten Krankheiten verfolgt werden. Indem nur gesunde Tiere zur Zucht herangezogen werden, kann das Auftreten dieser Erkrankungen minimiert werden.\u00a0 Das ist auch der Grund, warum sie eine Rassekatze nur mit Stammbaum von einem seri\u00f6sen Z\u00fcchter erwerben sollten, auch wenn hier der Anschaffungspreis etwas h\u00f6her liegt. Auch soll nat\u00fcrlich durch die Kontrolle eines Verbandes das Aussehen und Wesen einer Rasse erhalten bleiben.<\/p>\n<p>Sollten Ihnen diese Kriterien nicht wichtig oder der Preis einfach zu hoch sein, dann ist es f\u00fcr Sie sicher passender einer\u00a0 Katze aus dem Tierheim oder aus einem der zahlreichen \u201eungewollten\u201c\u00a0 W\u00fcrfe ein neues Zuhause zu geben.<\/p>\n<p>&nbsp;<\/p>\n<p><span style=\"text-decoration: underline;\">Warum eine Maine Coon?<\/span><\/p>\n<p>Was macht nun die Coonies aus? Auf den ersten Blick ist es nat\u00fcrlich gleich einmal ihr imposantes, wundersch\u00f6nes Aussehen. \u00a0F\u00fcr uns aber noch viel wichtiger ist ihr tolles Wesen. Sie sind ruhig, gelassen und sanft. Sie sind gegen\u00fcber ihren Besitzern sehr anh\u00e4nglich, gegen\u00fcber Fremden aber oft zur\u00fcckhaltend. Sie sind sehr sozial und lieben die Gesellschaft \u2013 deshalb geben wir unsere Kitten auch nicht an Einzelpl\u00e4tze ab. Sie sind in ihrem sozialem Verhalten oft den Hunden \u00e4hnlich \u2013 deshalb die ideale Katze f\u00fcr Leute, die eigentlich gerne einen Hund h\u00e4tten, aber nicht die n\u00f6tige Zeit daf\u00fcr aufbringen k\u00f6nnen \ud83d\ude42<\/p>\n","protected":false},"excerpt":{"rendered":"<p>So leben unsere Katzen: Wir versuchen unsere Katzen m\u00f6glichst artgerecht zu halten. Dazu geh\u00f6rt auf jeden Fall eine gesunde F\u00fctterung. Unsere Katzen bekommen neben Frischfleisch nur hochwertiges Fertigfutter mit hohem Fleischgehalt und m\u00f6glichst ohne chemische Zus\u00e4tze, Geschmacksverst\u00e4rker und Zucker. Unsere Katzen d\u00fcrfen sich bei uns im Haus frei bewegen und au\u00dferdem haben sie ein Freigehege [&hellip;]<\/p>\n","protected":false},"author":1,"featured_media":0,"parent":0,"menu_order":0,"comment_status":"closed","ping_status":"closed","template":"","meta":{"ngg_post_thumbnail":0},"_links":{"self":[{"href":"https:\/\/brunnbaeren.com\/index.php?rest_route=\/wp\/v2\/pages\/2603"}],"collection":[{"href":"https:\/\/brunnbaeren.com\/index.php?rest_route=\/wp\/v2\/pages"}],"about":[{"href":"https:\/\/brunnbaeren.com\/index.php?rest_route=\/wp\/v2\/types\/page"}],"author":[{"embeddable":true,"href":"https:\/\/brunnbaeren.com\/index.php?rest_route=\/wp\/v2\/users\/1"}],"replies":[{"embeddable":true,"href":"https:\/\/brunnbaeren.com\/index.php?rest_route=%2Fwp%2Fv2%2Fcomments&post=2603"}],"version-history":[{"count":2,"href":"https:\/\/brunnbaeren.com\/index.php?rest_route=\/wp\/v2\/pages\/2603\/revisions"}],"predecessor-version":[{"id":2630,"href":"https:\/\/brunnbaeren.com\/index.php?rest_route=\/wp\/v2\/pages\/2603\/revisions\/2630"}],"wp:attachment":[{"href":"https:\/\/brunnbaeren.com\/index.php?rest_route=%2Fwp%2Fv2%2Fmedia&parent=2603"}],"curies":[{"name":"wp","href":"https:\/\/api.w.org\/{rel}","templated":true}]}}