{"id":28,"date":"2015-12-18T15:36:27","date_gmt":"2015-12-18T15:36:27","guid":{"rendered":"http:\/\/brunnbaeren.com\/?page_id=28"},"modified":"2016-02-20T16:16:51","modified_gmt":"2016-02-20T16:16:51","slug":"idefix-von-den-brunnbaeren","status":"publish","type":"page","link":"https:\/\/brunnbaeren.com\/?page_id=28","title":{"rendered":"Idefix von den Brunnb\u00e4ren"},"content":{"rendered":"<p style=\"text-align: center;\">Idefix von den Brunnb\u00e4ren<\/p>\n<p style=\"text-align: center;\"><img decoding=\"async\" loading=\"lazy\" class=\"alignnone size-medium wp-image-1440\" src=\"https:\/\/brunnbaeren.com\/wp-content\/uploads\/2015\/12\/idefix01-1-300x200.jpg\" alt=\"idefix01\" width=\"300\" height=\"200\" \/><\/p>\n<p style=\"text-align: center;\">\u00d6HZB BS 4115<\/p>\n<p style=\"text-align: center;\">HD A, ED 0\/0<\/p>\n<p style=\"text-align: center;\">Wurfdatum: 17.04.2007<\/p>\n<p style=\"text-align: center;\">Thyrass von Aemmenm\u00e4tteli (HD frei, ED 0\/0) &amp; Dakira von den Brunnb\u00e4ren (HD frei, ED 0\/0)<\/p>\n<p style=\"text-align: center;\"><a href=\"https:\/\/brunnbaeren.com\/wp-content\/uploads\/2015\/12\/IDEFIX-VON-DEN-BRUNNBREN_BS4115.pdf\" target=\"_blank\">K\u00f6rbericht<\/a><\/p>\n<p style=\"text-align: center;\"><a href=\"https:\/\/brunnbaeren.com\/wp-content\/uploads\/2015\/12\/Idefix-von-den-Brunnb\u00e4ren_Stand-19.12.2015.pdf\" target=\"_blank\">Pedigree<\/a><\/p>\n<p style=\"text-align: center;\">Nachdem ich der einzige R\u00fcde im I-Wurf bin und es aus jedem Brunnb\u00e4renwurf einen Deckr\u00fcden gibt, war es klar dass ich das machen muss &#8211; wor\u00fcber ich ja auch gar nicht ungl\u00fccklich bin. Zu Hause werde ich der &#8222;Professor&#8220; genannt &#8211; ich hab es ja auch wirklich nicht leicht, denn mit mir wohnen ja noch 2 junge Berner R\u00fcden (Rasmus vom Jauntal und Luciano von den Brunnb\u00e4ren), deren Erziehung und Vorbildwirkung ich \u00fcbernehmen musste. Eigentlich ist das kein Problem f\u00fcr mich, denn laut meinem Frauli bin ich der braaaaavste Berner aller Zeiten und diesen Ruf m\u00f6chte ich mir erhalten. Au\u00dferdem habe ich eine Ausbildung zum Therapiehund &#8211; ich bin also nicht nur vertr\u00e4glich mit anderen R\u00fcden, sonder auch ein Ass im Umgang mit allen Menschen<\/p>\n<p style=\"text-align: center;\"><img decoding=\"async\" loading=\"lazy\" class=\"alignnone size-medium wp-image-1441\" src=\"https:\/\/brunnbaeren.com\/wp-content\/uploads\/2015\/12\/idefix02-300x200.jpg\" alt=\"idefix02\" width=\"300\" height=\"200\" \/> <img decoding=\"async\" loading=\"lazy\" class=\"alignnone size-medium wp-image-1442\" src=\"https:\/\/brunnbaeren.com\/wp-content\/uploads\/2015\/12\/idefix03-300x200.jpg\" alt=\"idefix03\" width=\"300\" height=\"200\" \/><\/p>\n","protected":false},"excerpt":{"rendered":"<p>Idefix von den Brunnb\u00e4ren \u00d6HZB BS 4115 HD A, ED 0\/0 Wurfdatum: 17.04.2007 Thyrass von Aemmenm\u00e4tteli (HD frei, ED 0\/0) &amp; Dakira von den Brunnb\u00e4ren (HD frei, ED 0\/0) K\u00f6rbericht Pedigree Nachdem ich der einzige R\u00fcde im I-Wurf bin und es aus jedem Brunnb\u00e4renwurf einen Deckr\u00fcden gibt, war es klar dass ich das machen muss [&hellip;]<\/p>\n","protected":false},"author":1,"featured_media":0,"parent":0,"menu_order":0,"comment_status":"closed","ping_status":"closed","template":"","meta":{"ngg_post_thumbnail":0},"_links":{"self":[{"href":"https:\/\/brunnbaeren.com\/index.php?rest_route=\/wp\/v2\/pages\/28"}],"collection":[{"href":"https:\/\/brunnbaeren.com\/index.php?rest_route=\/wp\/v2\/pages"}],"about":[{"href":"https:\/\/brunnbaeren.com\/index.php?rest_route=\/wp\/v2\/types\/page"}],"author":[{"embeddable":true,"href":"https:\/\/brunnbaeren.com\/index.php?rest_route=\/wp\/v2\/users\/1"}],"replies":[{"embeddable":true,"href":"https:\/\/brunnbaeren.com\/index.php?rest_route=%2Fwp%2Fv2%2Fcomments&post=28"}],"version-history":[{"count":8,"href":"https:\/\/brunnbaeren.com\/index.php?rest_route=\/wp\/v2\/pages\/28\/revisions"}],"predecessor-version":[{"id":2035,"href":"https:\/\/brunnbaeren.com\/index.php?rest_route=\/wp\/v2\/pages\/28\/revisions\/2035"}],"wp:attachment":[{"href":"https:\/\/brunnbaeren.com\/index.php?rest_route=%2Fwp%2Fv2%2Fmedia&parent=28"}],"curies":[{"name":"wp","href":"https:\/\/api.w.org\/{rel}","templated":true}]}}