{"id":3465,"date":"2018-06-10T10:12:47","date_gmt":"2018-06-10T10:12:47","guid":{"rendered":"http:\/\/brunnbaeren.com\/?page_id=3465"},"modified":"2018-09-10T11:08:22","modified_gmt":"2018-09-10T11:08:22","slug":"alegrias-e-wurf","status":"publish","type":"page","link":"https:\/\/brunnbaeren.com\/?page_id=3465","title":{"rendered":"Alegria&#8217;s E-Wurf"},"content":{"rendered":"<p style=\"text-align: center;\"><strong>Alegria&#8217;s E-Wurf<\/strong><\/p>\n<p style=\"text-align: center;\">Mama<\/p>\n<p><img decoding=\"async\" loading=\"lazy\" class=\"size-medium wp-image-9 aligncenter\" src=\"https:\/\/brunnbaeren.com\/wp-content\/uploads\/2015\/12\/Compressed_1787-300x200-300x200.jpg\" alt=\"\" width=\"300\" height=\"200\"><\/p>\n<p style=\"text-align: center;\"><a href=\"https:\/\/brunnbaeren.com\/?page_id=8\"><strong>Action Cat\u2019s a Just Love<\/strong><\/a><\/p>\n<p style=\"text-align: center;\"><span style=\"color: #0000ff;\"><strong>***<\/strong><\/span><\/p>\n<p style=\"text-align: center;\"><strong>alle vergeben \ud83d\ude42<\/strong><\/p>\n<p>&nbsp;<\/p>\n<p>&nbsp;<\/p>\n<p><strong>Emily Cool &#x2640; &#8211; blue torbie white&nbsp;<\/strong><\/p>\nngg_shortcode_0_placeholder\n<p>&nbsp;<\/p>\n<p><strong>Eros &#x2642; &#8211; blue classic tabby white<\/strong><\/p>\nngg_shortcode_1_placeholder\n<p>&nbsp;<\/p>\n<p><strong>Eternal Love &#x2640; &#8211; black tortie silver white&nbsp;<\/strong><\/p>\n<p>Eternal Love &#8211; unsere Sch\u00f6nheit mit der extrem seltenen F\u00e4rbung. Ob wir uns von ihr trennen k\u00f6nnen, wissen wir noch nicht \ud83d\ude09<\/p>\nngg_shortcode_2_placeholder\n<p>&nbsp;<\/p>\n<p><strong>Emilio &#x2642; &#8211; blue solid&nbsp;<\/strong><\/p>\nngg_shortcode_3_placeholder\n<p>&nbsp;<\/p>\n<p><strong>Enrique &#x2642;- black silver classic tabby&nbsp;<\/strong><\/p>\nngg_shortcode_4_placeholder\n","protected":false},"excerpt":{"rendered":"<p>Alegria&#8217;s E-Wurf Mama Action Cat\u2019s a Just Love *** alle vergeben \ud83d\ude42 &nbsp; &nbsp; Emily Cool &#x2640; &#8211; blue torbie white&nbsp; &#8220; order_by=&#8220;sortorder&#8220; order_direction=&#8220;ASC&#8220; returns=&#8220;included&#8220; maximum_entity_count=&#8220;500&#8243;] &nbsp; Eros &#x2642; &#8211; blue classic tabby white &#8220; order_by=&#8220;sortorder&#8220; order_direction=&#8220;ASC&#8220; returns=&#8220;included&#8220; maximum_entity_count=&#8220;500&#8243;] &nbsp; Eternal Love &#x2640; &#8211; black tortie silver white&nbsp; Eternal Love &#8211; unsere Sch\u00f6nheit mit der [&hellip;]<\/p>\n","protected":false},"author":1,"featured_media":0,"parent":0,"menu_order":0,"comment_status":"closed","ping_status":"closed","template":"","meta":{"ngg_post_thumbnail":0},"_links":{"self":[{"href":"https:\/\/brunnbaeren.com\/index.php?rest_route=\/wp\/v2\/pages\/3465"}],"collection":[{"href":"https:\/\/brunnbaeren.com\/index.php?rest_route=\/wp\/v2\/pages"}],"about":[{"href":"https:\/\/brunnbaeren.com\/index.php?rest_route=\/wp\/v2\/types\/page"}],"author":[{"embeddable":true,"href":"https:\/\/brunnbaeren.com\/index.php?rest_route=\/wp\/v2\/users\/1"}],"replies":[{"embeddable":true,"href":"https:\/\/brunnbaeren.com\/index.php?rest_route=%2Fwp%2Fv2%2Fcomments&post=3465"}],"version-history":[{"count":21,"href":"https:\/\/brunnbaeren.com\/index.php?rest_route=\/wp\/v2\/pages\/3465\/revisions"}],"predecessor-version":[{"id":4079,"href":"https:\/\/brunnbaeren.com\/index.php?rest_route=\/wp\/v2\/pages\/3465\/revisions\/4079"}],"wp:attachment":[{"href":"https:\/\/brunnbaeren.com\/index.php?rest_route=%2Fwp%2Fv2%2Fmedia&parent=3465"}],"curies":[{"name":"wp","href":"https:\/\/api.w.org\/{rel}","templated":true}]}}