{"id":57,"date":"2015-12-18T15:51:54","date_gmt":"2015-12-18T15:51:54","guid":{"rendered":"http:\/\/brunnbaeren.com\/?page_id=57"},"modified":"2016-02-20T16:17:47","modified_gmt":"2016-02-20T16:17:47","slug":"nacho-von-den-brunnbaeren","status":"publish","type":"page","link":"https:\/\/brunnbaeren.com\/?page_id=57","title":{"rendered":"Nacho von den Brunnb\u00e4ren"},"content":{"rendered":"<p style=\"text-align: center;\">Nacho von den Brunnb\u00e4ren<\/p>\n<p style=\"text-align: center;\"><img decoding=\"async\" loading=\"lazy\" class=\"size-medium wp-image-1468 aligncenter\" src=\"https:\/\/brunnbaeren.com\/wp-content\/uploads\/2015\/12\/Nacho2-210x300.jpg\" alt=\"Nacho2\" width=\"210\" height=\"300\" srcset=\"https:\/\/brunnbaeren.com\/wp-content\/uploads\/2015\/12\/Nacho2-210x300.jpg 210w, https:\/\/brunnbaeren.com\/wp-content\/uploads\/2015\/12\/Nacho2.jpg 512w\" sizes=\"(max-width: 210px) 100vw, 210px\" \/><\/p>\n<p style=\"text-align: center;\">\u00d6HZB BS\u00a04798<\/p>\n<p style=\"text-align: center;\">HD A, ED 0, DM N\/DM<\/p>\n<p style=\"text-align: center;\">Wurfdatum:\u00a007.04.2011<\/p>\n<p style=\"text-align: center;\">Iwan van&#8217;t Maroyke\u00a0&amp; \u00a0Kayla von den Brunnb\u00e4ren<\/p>\n<p style=\"text-align: center;\"><a href=\"https:\/\/brunnbaeren.com\/wp-content\/uploads\/2015\/12\/BS_4798_NACHO-VON-DEN-BRUNNBREN.pdf\" target=\"_blank\">K\u00f6rbericht<\/a><\/p>\n<p style=\"text-align: center;\"><a href=\"https:\/\/brunnbaeren.com\/wp-content\/uploads\/2015\/12\/Nacho-von-den-Brunnb\u00e4ren_Stand-19.12.2015.pdf\" target=\"_blank\">Pedigree<\/a><\/p>\n<p style=\"text-align: center;\">***<\/p>\n<p>Also ich bin im Moment eindeutig der braaaavste Berner in der Brunnb\u00e4ren Familie &#8211; und das sogar gepr\u00fcft. Ich habe n\u00e4mlich schon die Pr\u00fcfung zur BGH 3 absolviert und bin nun gerade mit Herrchen dabei noch weiter zu trainieren. Ich darf sogar manchmal Frauchen in die Arbeit begleiten &#8211; sie ist \u00c4rztin &#8211; dort bin ich dann die Attraktion im Wartezimmer und pl\u00f6tzlich beschwert sich keiner mehr \u00fcber l\u00e4ngere Wartezeiten ;). Auch mit anderen R\u00fcden bin ich sehr vertr\u00e4glich. Nur ein h\u00fcbsches M\u00e4del kann mich aus der Ruhe bringen.<\/p>\n<p>Ich bin ein sehr knochenstarker R\u00fcde mit eindrucksvollem, kr\u00e4ftigem Kopf &#8211; ein h\u00fcbscher Kerl halt.<\/p>\n<p><p>Invalid Displayed Gallery<\/p><\/p>\n","protected":false},"excerpt":{"rendered":"<p>Nacho von den Brunnb\u00e4ren \u00d6HZB BS\u00a04798 HD A, ED 0, DM N\/DM Wurfdatum:\u00a007.04.2011 Iwan van&#8217;t Maroyke\u00a0&amp; \u00a0Kayla von den Brunnb\u00e4ren K\u00f6rbericht Pedigree *** Also ich bin im Moment eindeutig der braaaavste Berner in der Brunnb\u00e4ren Familie &#8211; und das sogar gepr\u00fcft. Ich habe n\u00e4mlich schon die Pr\u00fcfung zur BGH 3 absolviert und bin nun gerade [&hellip;]<\/p>\n","protected":false},"author":1,"featured_media":0,"parent":0,"menu_order":0,"comment_status":"closed","ping_status":"closed","template":"","meta":{"ngg_post_thumbnail":0},"_links":{"self":[{"href":"https:\/\/brunnbaeren.com\/index.php?rest_route=\/wp\/v2\/pages\/57"}],"collection":[{"href":"https:\/\/brunnbaeren.com\/index.php?rest_route=\/wp\/v2\/pages"}],"about":[{"href":"https:\/\/brunnbaeren.com\/index.php?rest_route=\/wp\/v2\/types\/page"}],"author":[{"embeddable":true,"href":"https:\/\/brunnbaeren.com\/index.php?rest_route=\/wp\/v2\/users\/1"}],"replies":[{"embeddable":true,"href":"https:\/\/brunnbaeren.com\/index.php?rest_route=%2Fwp%2Fv2%2Fcomments&post=57"}],"version-history":[{"count":6,"href":"https:\/\/brunnbaeren.com\/index.php?rest_route=\/wp\/v2\/pages\/57\/revisions"}],"predecessor-version":[{"id":2037,"href":"https:\/\/brunnbaeren.com\/index.php?rest_route=\/wp\/v2\/pages\/57\/revisions\/2037"}],"wp:attachment":[{"href":"https:\/\/brunnbaeren.com\/index.php?rest_route=%2Fwp%2Fv2%2Fmedia&parent=57"}],"curies":[{"name":"wp","href":"https:\/\/api.w.org\/{rel}","templated":true}]}}