{"id":61,"date":"2015-12-18T15:55:10","date_gmt":"2015-12-18T15:55:10","guid":{"rendered":"http:\/\/brunnbaeren.com\/?page_id=61"},"modified":"2019-04-01T16:24:18","modified_gmt":"2019-04-01T16:24:18","slug":"odysseus-von-den-brunnbaeren","status":"publish","type":"page","link":"https:\/\/brunnbaeren.com\/?page_id=61","title":{"rendered":"Odysseus von den Brunnb\u00e4ren"},"content":{"rendered":"<p style=\"text-align: center;\">Odysseus von den Brunnb\u00e4ren<\/p>\n<p style=\"text-align: center;\"><img decoding=\"async\" loading=\"lazy\" class=\"alignnone size-medium wp-image-1813\" src=\"https:\/\/brunnbaeren.com\/wp-content\/uploads\/2015\/12\/Odyseus1-300x200.jpg\" alt=\"Odyseus1\" width=\"300\" height=\"200\" srcset=\"https:\/\/brunnbaeren.com\/wp-content\/uploads\/2015\/12\/Odyseus1-300x200.jpg 300w, https:\/\/brunnbaeren.com\/wp-content\/uploads\/2015\/12\/Odyseus1-150x100.jpg 150w, https:\/\/brunnbaeren.com\/wp-content\/uploads\/2015\/12\/Odyseus1.jpg 512w\" sizes=\"(max-width: 300px) 100vw, 300px\" \/><\/p>\n<p style=\"text-align: center;\">\u00d6HZB BS 4889<\/p>\n<p style=\"text-align: center;\">HD A, ED 0, DM N\/N<\/p>\n<p style=\"text-align: center;\">25.03.2012 &#8211; 02.02.2019<\/p>\n<p style=\"text-align: center;\">Casanova von der Vagabundenh\u00fcttn &amp; &nbsp;Lizz Taylor<\/p>\n<p style=\"text-align: center;\"><a href=\"https:\/\/brunnbaeren.com\/wp-content\/uploads\/2015\/12\/Odysseus_kb.pdf\" target=\"_blank\" rel=\"noopener\">K\u00f6rbericht \/ Stammbaum (pdf)<\/a><\/p>\n<p><strong>Nachkommen<\/strong><\/p>\n<p>Zuchtst\u00e4tte von den Brunnb\u00e4ren &#8211; 03.05.2015 &#8211; 5 R \/ 4 H<\/p>\n<p>Zuchtst\u00e4tte von Wiesmadern &#8211; 07.08.2015 &#8211; 7 R \/ 2 H<\/p>\n<p>Zuchtst\u00e4tte vom Pusztarand &#8211; 16.11.2016 &#8211; 3 R \/ 2 H<\/p>\n<p>Zuchtst\u00e4tte von Sch\u00f6neben &#8211; 16.04.2017 &#8211; 1 R \/ 3 H<\/p>\n<p>Zuchtst\u00e4tte von Sch\u00f6neben-&nbsp; 28.08.2017 &#8211; 2 R \/ 5 H<\/p>\n<p>Zuchtst\u00e4tte vom Urhausgrund &#8211; 22.03.2018 &#8211; 2 R \/ 1 H<\/p>\n<p>Zuchtst\u00e4tte vom Pusztarand &#8211; 22.07.2018 &#8211; 5 R \/ 6 H<\/p>\n<p style=\"text-align: center;\">***<\/p>\n<p style=\"text-align: left;\">Obwohl ich der j\u00fcngste unter den Brunnb\u00e4rendeckr\u00fcden bin, durfte ich schon 2x Papa werden. Das 1. Mal von 9 und das 2. Mal von 10 Welpen. Was wird dann wohl der 3. Wurf bringen \ud83d\ude42 Schon bei meinen ersten Deckakten habe ich meine Leute positiv \u00fcberrascht, da ich mich \u00e4u\u00dferst geschickt angestellt habe und die Bernerdamen sehr liebevoll, ruhig, aber konsequent verf\u00fchrt habe. Das muss ich wohl von Papa Casanova geerbt haben.<\/p>\n<p style=\"text-align: left;\">Im Alltag bin ich ein sehr freundlicher, umg\u00e4nglicher R\u00fcde, manchmal etwas \u00fcberschwenglich und da k\u00f6nnen meine 60 Kilogramm mein Frauchen schon mal aus der Bahn werfen. Es tut mir dann eh leid, aber wenn ich doch alle unbedingt und sofort freudig begr\u00fcssen muss\u2026\u2026<\/p>\n<p style=\"text-align: left;\">&nbsp;<!-- index.php -->\n<div\n\tclass=\"ngg-galleryoverview\n\t ngg-ajax-pagination-none\t\"\n\tid=\"ngg-gallery-dc9c01f9c85f3921b5f1f8dfc3736b63-1\">\n\n\t\t\t<!-- Thumbnails -->\n\t\t\t\t<div id=\"ngg-image-0\" class=\"ngg-gallery-thumbnail-box\" \n\t\t\t\t\t\t\t\t\t\t\t>\n\t\t\t\t\t\t<div class=\"ngg-gallery-thumbnail\">\n\t\t\t<a href=\"https:\/\/brunnbaeren.com\/wp-content\/gallery\/odysseus-von-den-brunnbaeren\/Odyseus1.JPG\"\n\t\t\t\ttitle=\"\"\n\t\t\t\tdata-src=\"https:\/\/brunnbaeren.com\/wp-content\/gallery\/odysseus-von-den-brunnbaeren\/Odyseus1.JPG\"\n\t\t\t\tdata-thumbnail=\"https:\/\/brunnbaeren.com\/wp-content\/gallery\/odysseus-von-den-brunnbaeren\/thumbs\/thumbs_Odyseus1.JPG\"\n\t\t\t\tdata-image-id=\"599\"\n\t\t\t\tdata-title=\"Odyseus1\"\n\t\t\t\tdata-description=\"\"\n\t\t\t\tdata-image-slug=\"odyseus1-1\"\n\t\t\t\tclass=\"ngg-fancybox\" rel=\"dc9c01f9c85f3921b5f1f8dfc3736b63\">\n\t\t\t\t<img\n\t\t\t\t\ttitle=\"Odyseus1\"\n\t\t\t\t\talt=\"Odyseus1\"\n\t\t\t\t\tsrc=\"https:\/\/brunnbaeren.com\/wp-content\/gallery\/odysseus-von-den-brunnbaeren\/thumbs\/thumbs_Odyseus1.JPG\"\n\t\t\t\t\twidth=\"240\"\n\t\t\t\t\theight=\"160\"\n\t\t\t\t\tstyle=\"max-width:100%;\"\n\t\t\t\t\/>\n\t\t\t<\/a>\n\t\t<\/div>\n\t\t\t\t\t\t\t<\/div> \n\t\t\t\n\t\t\n\t\t\t\t<div id=\"ngg-image-1\" class=\"ngg-gallery-thumbnail-box\" \n\t\t\t\t\t\t\t\t\t\t\t>\n\t\t\t\t\t\t<div class=\"ngg-gallery-thumbnail\">\n\t\t\t<a href=\"https:\/\/brunnbaeren.com\/wp-content\/gallery\/odysseus-von-den-brunnbaeren\/Odyseus2.JPG\"\n\t\t\t\ttitle=\"\"\n\t\t\t\tdata-src=\"https:\/\/brunnbaeren.com\/wp-content\/gallery\/odysseus-von-den-brunnbaeren\/Odyseus2.JPG\"\n\t\t\t\tdata-thumbnail=\"https:\/\/brunnbaeren.com\/wp-content\/gallery\/odysseus-von-den-brunnbaeren\/thumbs\/thumbs_Odyseus2.JPG\"\n\t\t\t\tdata-image-id=\"600\"\n\t\t\t\tdata-title=\"Odyseus2\"\n\t\t\t\tdata-description=\"\"\n\t\t\t\tdata-image-slug=\"odyseus2-1\"\n\t\t\t\tclass=\"ngg-fancybox\" rel=\"dc9c01f9c85f3921b5f1f8dfc3736b63\">\n\t\t\t\t<img\n\t\t\t\t\ttitle=\"Odyseus2\"\n\t\t\t\t\talt=\"Odyseus2\"\n\t\t\t\t\tsrc=\"https:\/\/brunnbaeren.com\/wp-content\/gallery\/odysseus-von-den-brunnbaeren\/thumbs\/thumbs_Odyseus2.JPG\"\n\t\t\t\t\twidth=\"240\"\n\t\t\t\t\theight=\"160\"\n\t\t\t\t\tstyle=\"max-width:100%;\"\n\t\t\t\t\/>\n\t\t\t<\/a>\n\t\t<\/div>\n\t\t\t\t\t\t\t<\/div> \n\t\t\t\n\t\t\n\t\t\t\t<div id=\"ngg-image-2\" class=\"ngg-gallery-thumbnail-box\" \n\t\t\t\t\t\t\t\t\t\t\t>\n\t\t\t\t\t\t<div class=\"ngg-gallery-thumbnail\">\n\t\t\t<a href=\"https:\/\/brunnbaeren.com\/wp-content\/gallery\/odysseus-von-den-brunnbaeren\/Odyseus3.JPG\"\n\t\t\t\ttitle=\"\"\n\t\t\t\tdata-src=\"https:\/\/brunnbaeren.com\/wp-content\/gallery\/odysseus-von-den-brunnbaeren\/Odyseus3.JPG\"\n\t\t\t\tdata-thumbnail=\"https:\/\/brunnbaeren.com\/wp-content\/gallery\/odysseus-von-den-brunnbaeren\/thumbs\/thumbs_Odyseus3.JPG\"\n\t\t\t\tdata-image-id=\"601\"\n\t\t\t\tdata-title=\"Odyseus3\"\n\t\t\t\tdata-description=\"\"\n\t\t\t\tdata-image-slug=\"odyseus3-1\"\n\t\t\t\tclass=\"ngg-fancybox\" rel=\"dc9c01f9c85f3921b5f1f8dfc3736b63\">\n\t\t\t\t<img\n\t\t\t\t\ttitle=\"Odyseus3\"\n\t\t\t\t\talt=\"Odyseus3\"\n\t\t\t\t\tsrc=\"https:\/\/brunnbaeren.com\/wp-content\/gallery\/odysseus-von-den-brunnbaeren\/thumbs\/thumbs_Odyseus3.JPG\"\n\t\t\t\t\twidth=\"240\"\n\t\t\t\t\theight=\"160\"\n\t\t\t\t\tstyle=\"max-width:100%;\"\n\t\t\t\t\/>\n\t\t\t<\/a>\n\t\t<\/div>\n\t\t\t\t\t\t\t<\/div> \n\t\t\t\n\t\t\n\t\t\t\t<div id=\"ngg-image-3\" class=\"ngg-gallery-thumbnail-box\" \n\t\t\t\t\t\t\t\t\t\t\t>\n\t\t\t\t\t\t<div class=\"ngg-gallery-thumbnail\">\n\t\t\t<a href=\"https:\/\/brunnbaeren.com\/wp-content\/gallery\/odysseus-von-den-brunnbaeren\/Ochen-4-Wo.jpg\"\n\t\t\t\ttitle=\"\"\n\t\t\t\tdata-src=\"https:\/\/brunnbaeren.com\/wp-content\/gallery\/odysseus-von-den-brunnbaeren\/Ochen-4-Wo.jpg\"\n\t\t\t\tdata-thumbnail=\"https:\/\/brunnbaeren.com\/wp-content\/gallery\/odysseus-von-den-brunnbaeren\/thumbs\/thumbs_Ochen-4-Wo.jpg\"\n\t\t\t\tdata-image-id=\"602\"\n\t\t\t\tdata-title=\"O&#039;chen 4 Wo\"\n\t\t\t\tdata-description=\"\"\n\t\t\t\tdata-image-slug=\"ochen-4-wo-2\"\n\t\t\t\tclass=\"ngg-fancybox\" rel=\"dc9c01f9c85f3921b5f1f8dfc3736b63\">\n\t\t\t\t<img\n\t\t\t\t\ttitle=\"O&#039;chen 4 Wo\"\n\t\t\t\t\talt=\"O&#039;chen 4 Wo\"\n\t\t\t\t\tsrc=\"https:\/\/brunnbaeren.com\/wp-content\/gallery\/odysseus-von-den-brunnbaeren\/thumbs\/thumbs_Ochen-4-Wo.jpg\"\n\t\t\t\t\twidth=\"240\"\n\t\t\t\t\theight=\"160\"\n\t\t\t\t\tstyle=\"max-width:100%;\"\n\t\t\t\t\/>\n\t\t\t<\/a>\n\t\t<\/div>\n\t\t\t\t\t\t\t<\/div> \n\t\t\t\n\t\t\n\t\t\n\t\t<!-- Pagination -->\n\t\t<div class='ngg-navigation'><span class='current'>1<\/span>\n<a class='page-numbers' data-pageid='2' href='https:\/\/brunnbaeren.com\/index.php\/nggallery\/page\/2?page_id=61'>2<\/a>\n<span class='ellipsis'>...<\/span>\n<a class='page-numbers' data-pageid='4' href='https:\/\/brunnbaeren.com\/index.php\/nggallery\/page\/4?page_id=61'>4<\/a>\n<a class='prev' href='https:\/\/brunnbaeren.com\/index.php\/nggallery\/page\/2?page_id=61' data-pageid=2>&#9658;<\/a><\/div>\t<\/div>\n<\/p>\n","protected":false},"excerpt":{"rendered":"<p>Odysseus von den Brunnb\u00e4ren \u00d6HZB BS 4889 HD A, ED 0, DM N\/N 25.03.2012 &#8211; 02.02.2019 Casanova von der Vagabundenh\u00fcttn &amp; &nbsp;Lizz Taylor K\u00f6rbericht \/ Stammbaum (pdf) Nachkommen Zuchtst\u00e4tte von den Brunnb\u00e4ren &#8211; 03.05.2015 &#8211; 5 R \/ 4 H Zuchtst\u00e4tte von Wiesmadern &#8211; 07.08.2015 &#8211; 7 R \/ 2 H Zuchtst\u00e4tte vom Pusztarand &#8211; [&hellip;]<\/p>\n","protected":false},"author":1,"featured_media":0,"parent":0,"menu_order":0,"comment_status":"closed","ping_status":"closed","template":"","meta":{"ngg_post_thumbnail":0},"_links":{"self":[{"href":"https:\/\/brunnbaeren.com\/index.php?rest_route=\/wp\/v2\/pages\/61"}],"collection":[{"href":"https:\/\/brunnbaeren.com\/index.php?rest_route=\/wp\/v2\/pages"}],"about":[{"href":"https:\/\/brunnbaeren.com\/index.php?rest_route=\/wp\/v2\/types\/page"}],"author":[{"embeddable":true,"href":"https:\/\/brunnbaeren.com\/index.php?rest_route=\/wp\/v2\/users\/1"}],"replies":[{"embeddable":true,"href":"https:\/\/brunnbaeren.com\/index.php?rest_route=%2Fwp%2Fv2%2Fcomments&post=61"}],"version-history":[{"count":9,"href":"https:\/\/brunnbaeren.com\/index.php?rest_route=\/wp\/v2\/pages\/61\/revisions"}],"predecessor-version":[{"id":4460,"href":"https:\/\/brunnbaeren.com\/index.php?rest_route=\/wp\/v2\/pages\/61\/revisions\/4460"}],"wp:attachment":[{"href":"https:\/\/brunnbaeren.com\/index.php?rest_route=%2Fwp%2Fv2%2Fmedia&parent=61"}],"curies":[{"name":"wp","href":"https:\/\/api.w.org\/{rel}","templated":true}]}}