{"id":67,"date":"2015-12-18T15:59:44","date_gmt":"2015-12-18T15:59:44","guid":{"rendered":"http:\/\/brunnbaeren.com\/?page_id=67"},"modified":"2016-02-20T16:09:06","modified_gmt":"2016-02-20T16:09:06","slug":"ueber-uns","status":"publish","type":"page","link":"https:\/\/brunnbaeren.com\/?page_id=67","title":{"rendered":"\u00dcber uns"},"content":{"rendered":"<p>Wir \u2013 Escara und Jenna, zwei Berner Sennenhundedamen, leben mit unserem Frauerl und Herrl in einem Einfamilienhaus mit Garten im s\u00fcdlichen Nieder\u00f6sterreich.<\/p>\n<p>Was ganz toll ist, ist dass gleich hinter dem Haus der Wald und die Felder beginnen. Durch die h\u00fcgelige Landschaft k\u00f6nnen wir herrlich spazieren gehen und haben dabei einen tollen Ausblick vom Wechselgebiet \u00fcber den Semmering, den Schneeberg, die Hohe Wand und das Wiener Becken bis hin zur Rosalia. Unweit vom Haus ist auch ein Bach, wo es sich im Sommer gut abk\u00fchlen l\u00e4sst.<\/p>\n<p>Von Zeit zu Zeit sorgen wir \u2013 gemeinsam mit unseren Menschen daf\u00fcr, dass uns nicht fad wird und halten alle mit einer zahlreichen Kinderschar auf Trab. Ihr solltet einmal sehen wie es dann zugeht! So zirka zehn Wochen lang dreht sich dann alles um den Nachwuchs. In der Zeit versuchen wir alle den Welpen recht viel beizubringen und ihnen viele Eindr\u00fccke mitzugeben. Da wird viel gespielt, gerauft, an Seilen und allem was sich bietet\u00a0gezogen, in der K\u00fcche mit dem Geschirr gescheppert, nebenbei mit dem Staubsauger hantiert und ferngesehen. All das lernen die Kleinen schon in der\u00a0Kinderstube kennen, sodass sie sp\u00e4ter einmal keine Angst mehr davor haben. Sogar mit dem Auto fahren wird da schon ge\u00fcbt. Das ist immer ein besonderer Spa\u00df f\u00fcr alle! Aber ganz toll ist der gro\u00dfe Stofftunnel. Der gibt ein super Versteck ab und l\u00e4dt zum spielen ein. Nach all dem Stress muss auch gefressen und geschlafen werden. Wie\u2019s da zugeht kann man sich hier anschauen.<\/p>\n<p style=\"text-align: center;\"><!-- index.php -->\n<div\n\tclass=\"ngg-galleryoverview\n\t ngg-ajax-pagination-none\t\"\n\tid=\"ngg-gallery-2ffbbfb0165c84011f466836be69a3a5-1\">\n\n\t\t\t<!-- Thumbnails -->\n\t\t\t\t<div id=\"ngg-image-0\" class=\"ngg-gallery-thumbnail-box\" \n\t\t\t\t\t\t\t\t\t\t\t>\n\t\t\t\t\t\t<div class=\"ngg-gallery-thumbnail\">\n\t\t\t<a href=\"https:\/\/brunnbaeren.com\/wp-content\/gallery\/welpen_aufzucht\/Wp002.jpg\"\n\t\t\t\ttitle=\"\"\n\t\t\t\tdata-src=\"https:\/\/brunnbaeren.com\/wp-content\/gallery\/welpen_aufzucht\/Wp002.jpg\"\n\t\t\t\tdata-thumbnail=\"https:\/\/brunnbaeren.com\/wp-content\/gallery\/welpen_aufzucht\/thumbs\/thumbs_Wp002.jpg\"\n\t\t\t\tdata-image-id=\"528\"\n\t\t\t\tdata-title=\"Wp002\"\n\t\t\t\tdata-description=\"\"\n\t\t\t\tdata-image-slug=\"wp002-1\"\n\t\t\t\tclass=\"ngg-fancybox\" rel=\"2ffbbfb0165c84011f466836be69a3a5\">\n\t\t\t\t<img\n\t\t\t\t\ttitle=\"Wp002\"\n\t\t\t\t\talt=\"Wp002\"\n\t\t\t\t\tsrc=\"https:\/\/brunnbaeren.com\/wp-content\/gallery\/welpen_aufzucht\/thumbs\/thumbs_Wp002.jpg\"\n\t\t\t\t\twidth=\"240\"\n\t\t\t\t\theight=\"160\"\n\t\t\t\t\tstyle=\"max-width:100%;\"\n\t\t\t\t\/>\n\t\t\t<\/a>\n\t\t<\/div>\n\t\t\t\t\t\t\t<\/div> \n\t\t\t\n\t\t\n\t\t\t\t<div id=\"ngg-image-1\" class=\"ngg-gallery-thumbnail-box\" \n\t\t\t\t\t\t\t\t\t\t\t>\n\t\t\t\t\t\t<div class=\"ngg-gallery-thumbnail\">\n\t\t\t<a href=\"https:\/\/brunnbaeren.com\/wp-content\/gallery\/welpen_aufzucht\/Wp001.jpg\"\n\t\t\t\ttitle=\"\"\n\t\t\t\tdata-src=\"https:\/\/brunnbaeren.com\/wp-content\/gallery\/welpen_aufzucht\/Wp001.jpg\"\n\t\t\t\tdata-thumbnail=\"https:\/\/brunnbaeren.com\/wp-content\/gallery\/welpen_aufzucht\/thumbs\/thumbs_Wp001.jpg\"\n\t\t\t\tdata-image-id=\"527\"\n\t\t\t\tdata-title=\"Wp001\"\n\t\t\t\tdata-description=\"\"\n\t\t\t\tdata-image-slug=\"wp001-1\"\n\t\t\t\tclass=\"ngg-fancybox\" rel=\"2ffbbfb0165c84011f466836be69a3a5\">\n\t\t\t\t<img\n\t\t\t\t\ttitle=\"Wp001\"\n\t\t\t\t\talt=\"Wp001\"\n\t\t\t\t\tsrc=\"https:\/\/brunnbaeren.com\/wp-content\/gallery\/welpen_aufzucht\/thumbs\/thumbs_Wp001.jpg\"\n\t\t\t\t\twidth=\"240\"\n\t\t\t\t\theight=\"160\"\n\t\t\t\t\tstyle=\"max-width:100%;\"\n\t\t\t\t\/>\n\t\t\t<\/a>\n\t\t<\/div>\n\t\t\t\t\t\t\t<\/div> \n\t\t\t\n\t\t\n\t\t\t\t<div id=\"ngg-image-2\" class=\"ngg-gallery-thumbnail-box\" \n\t\t\t\t\t\t\t\t\t\t\t>\n\t\t\t\t\t\t<div class=\"ngg-gallery-thumbnail\">\n\t\t\t<a href=\"https:\/\/brunnbaeren.com\/wp-content\/gallery\/welpen_aufzucht\/Sp002.jpg\"\n\t\t\t\ttitle=\"\"\n\t\t\t\tdata-src=\"https:\/\/brunnbaeren.com\/wp-content\/gallery\/welpen_aufzucht\/Sp002.jpg\"\n\t\t\t\tdata-thumbnail=\"https:\/\/brunnbaeren.com\/wp-content\/gallery\/welpen_aufzucht\/thumbs\/thumbs_Sp002.jpg\"\n\t\t\t\tdata-image-id=\"513\"\n\t\t\t\tdata-title=\"Sp002\"\n\t\t\t\tdata-description=\"\"\n\t\t\t\tdata-image-slug=\"sp002\"\n\t\t\t\tclass=\"ngg-fancybox\" rel=\"2ffbbfb0165c84011f466836be69a3a5\">\n\t\t\t\t<img\n\t\t\t\t\ttitle=\"Sp002\"\n\t\t\t\t\talt=\"Sp002\"\n\t\t\t\t\tsrc=\"https:\/\/brunnbaeren.com\/wp-content\/gallery\/welpen_aufzucht\/thumbs\/thumbs_Sp002.jpg\"\n\t\t\t\t\twidth=\"240\"\n\t\t\t\t\theight=\"160\"\n\t\t\t\t\tstyle=\"max-width:100%;\"\n\t\t\t\t\/>\n\t\t\t<\/a>\n\t\t<\/div>\n\t\t\t\t\t\t\t<\/div> \n\t\t\t\n\t\t\n\t\t\t\t<div id=\"ngg-image-3\" class=\"ngg-gallery-thumbnail-box\" \n\t\t\t\t\t\t\t\t\t\t\t>\n\t\t\t\t\t\t<div class=\"ngg-gallery-thumbnail\">\n\t\t\t<a href=\"https:\/\/brunnbaeren.com\/wp-content\/gallery\/welpen_aufzucht\/Sch007.jpg\"\n\t\t\t\ttitle=\"\"\n\t\t\t\tdata-src=\"https:\/\/brunnbaeren.com\/wp-content\/gallery\/welpen_aufzucht\/Sch007.jpg\"\n\t\t\t\tdata-thumbnail=\"https:\/\/brunnbaeren.com\/wp-content\/gallery\/welpen_aufzucht\/thumbs\/thumbs_Sch007.jpg\"\n\t\t\t\tdata-image-id=\"526\"\n\t\t\t\tdata-title=\"Sch007\"\n\t\t\t\tdata-description=\"\"\n\t\t\t\tdata-image-slug=\"sch007\"\n\t\t\t\tclass=\"ngg-fancybox\" rel=\"2ffbbfb0165c84011f466836be69a3a5\">\n\t\t\t\t<img\n\t\t\t\t\ttitle=\"Sch007\"\n\t\t\t\t\talt=\"Sch007\"\n\t\t\t\t\tsrc=\"https:\/\/brunnbaeren.com\/wp-content\/gallery\/welpen_aufzucht\/thumbs\/thumbs_Sch007.jpg\"\n\t\t\t\t\twidth=\"240\"\n\t\t\t\t\theight=\"160\"\n\t\t\t\t\tstyle=\"max-width:100%;\"\n\t\t\t\t\/>\n\t\t\t<\/a>\n\t\t<\/div>\n\t\t\t\t\t\t\t<\/div> \n\t\t\t\n\t\t\n\t\t\n\t\t<!-- Pagination -->\n\t\t<div class='ngg-navigation'><span class='current'>1<\/span>\n<a class='page-numbers' data-pageid='2' href='https:\/\/brunnbaeren.com\/index.php\/nggallery\/page\/2?page_id=67'>2<\/a>\n<span class='ellipsis'>...<\/span>\n<a class='page-numbers' data-pageid='5' href='https:\/\/brunnbaeren.com\/index.php\/nggallery\/page\/5?page_id=67'>5<\/a>\n<a class='prev' href='https:\/\/brunnbaeren.com\/index.php\/nggallery\/page\/2?page_id=67' data-pageid=2>&#9658;<\/a><\/div>\t<\/div>\n<\/p>\n<p>Leider \u2013 oder Gott sei Dank, sonst w\u00e4r\u2019s bald zu eng hier &#8211; k\u00f6nnen nicht alle ihr ganzes Leben hier verbringen. Gemeinsam mit unseren Menschen suchen wir dann die neuen Besitzer aus. Dabei sind wir sehr kritisch und schauen uns alle sehr genau an. Der Nachwuchs soll es im neuen Heim ja einmal mindestens genauso gut haben wie in der Kinderzeit. Schlie\u00dflich sind wir eine besondere Rasse f\u00fcr besondere Leute. Sp\u00e4ter einmal kommen wir dann sicher auf Besuch und \u00fcberzeugen uns auch vom neuen Zuhause. Ehrlich! Pfote auf die Brust! Au\u00dferdem legen wir Wert auf einen regelm\u00e4\u00dfigen Kontakt zu allen und stehen immer mit Rat und Tat zur Seite.<\/p>\n<p>Da macht sich speziell der Beruf von unserem Frauerl sehr gut. Sie ist n\u00e4mlich Tierarzt mit eigener Ordination und k\u00fcmmert sich daher wirklich super um uns. Bei ihr sind wir in guten Pfoten \u2013 pardon H\u00e4nden. In allen Fragen zu Ern\u00e4hrung, Gesundheit, Reise wei\u00df sie bestens Bescheid.<\/p>\n<p>Sie legt vor allem gro\u00dfen Wert auf gesunde Ern\u00e4hrung mit frischem Fleisch, Gem\u00fcse, Getreide, Kr\u00e4utern und \u00d6len \u2013 ein richtig tolles, schmackhaftes Men\u00fc halt. Mit \u201eFast Food\u201c \u2013 gemeint ist damit Trockenfutter und Dosenfutter \u2013 werden wir nur \u00e4u\u00dferst selten \u201eabgespeist\u201c!<\/p>\n<p>Alles in allem f\u00fchlen wir uns im Kreise unsere Menschen echt geborgen und \u201eBernerwohl\u201c und m\u00f6chten nirgendwo anders leben. Kommt doch einfach vorbei und \u00fcberzeugt Euch selbst davon!<\/p>\n<p>&nbsp;<\/p>\n<p><img decoding=\"async\" loading=\"lazy\" class=\"size-medium wp-image-68 aligncenter\" src=\"https:\/\/brunnbaeren.com\/wp-content\/uploads\/2015\/12\/comp_RaxausflugAugust2007007-300x224.jpg\" alt=\"comp_RaxausflugAugust2007007\" width=\"300\" height=\"224\" srcset=\"https:\/\/brunnbaeren.com\/wp-content\/uploads\/2015\/12\/comp_RaxausflugAugust2007007-300x224.jpg 300w, https:\/\/brunnbaeren.com\/wp-content\/uploads\/2015\/12\/comp_RaxausflugAugust2007007.jpg 512w\" sizes=\"(max-width: 300px) 100vw, 300px\" \/><\/p>\n<p style=\"text-align: center;\"><img decoding=\"async\" loading=\"lazy\" class=\"alignnone wp-image-1552 size-thumbnail\" src=\"https:\/\/brunnbaeren.com\/wp-content\/uploads\/2015\/12\/ueberuns_pfote_jenna-1-138x150.jpg\" alt=\"ueberuns_pfote_jenna\" width=\"138\" height=\"150\" srcset=\"https:\/\/brunnbaeren.com\/wp-content\/uploads\/2015\/12\/ueberuns_pfote_jenna-1-138x150.jpg 138w, https:\/\/brunnbaeren.com\/wp-content\/uploads\/2015\/12\/ueberuns_pfote_jenna-1-276x300.jpg 276w, https:\/\/brunnbaeren.com\/wp-content\/uploads\/2015\/12\/ueberuns_pfote_jenna-1.jpg 441w\" sizes=\"(max-width: 138px) 100vw, 138px\" \/><img decoding=\"async\" loading=\"lazy\" class=\"alignnone wp-image-1689 size-thumbnail\" src=\"https:\/\/brunnbaeren.com\/wp-content\/uploads\/2016\/01\/ueberuns_pfote_GJARA-138x150.jpg\" alt=\"ueberuns_pfote_GJARA\" width=\"138\" height=\"150\" srcset=\"https:\/\/brunnbaeren.com\/wp-content\/uploads\/2016\/01\/ueberuns_pfote_GJARA-138x150.jpg 138w, https:\/\/brunnbaeren.com\/wp-content\/uploads\/2016\/01\/ueberuns_pfote_GJARA-276x300.jpg 276w, https:\/\/brunnbaeren.com\/wp-content\/uploads\/2016\/01\/ueberuns_pfote_GJARA.jpg 441w\" sizes=\"(max-width: 138px) 100vw, 138px\" \/><img decoding=\"async\" loading=\"lazy\" class=\"alignnone wp-image-1550 size-thumbnail\" src=\"https:\/\/brunnbaeren.com\/wp-content\/uploads\/2015\/12\/ueberuns_pfote_escara-1-138x150.jpg\" alt=\"ueberuns_pfote_escara\" width=\"138\" height=\"150\" srcset=\"https:\/\/brunnbaeren.com\/wp-content\/uploads\/2015\/12\/ueberuns_pfote_escara-1-138x150.jpg 138w, https:\/\/brunnbaeren.com\/wp-content\/uploads\/2015\/12\/ueberuns_pfote_escara-1-276x300.jpg 276w, https:\/\/brunnbaeren.com\/wp-content\/uploads\/2015\/12\/ueberuns_pfote_escara-1.jpg 441w\" sizes=\"(max-width: 138px) 100vw, 138px\" \/><\/p>\n<p style=\"text-align: center;\"><img decoding=\"async\" loading=\"lazy\" class=\"alignnone wp-image-1553 size-thumbnail\" src=\"https:\/\/brunnbaeren.com\/wp-content\/uploads\/2015\/12\/ueberuns_pfote_love-1-138x150.jpg\" alt=\"ueberuns_pfote_love\" width=\"138\" height=\"150\" srcset=\"https:\/\/brunnbaeren.com\/wp-content\/uploads\/2015\/12\/ueberuns_pfote_love-1-138x150.jpg 138w, https:\/\/brunnbaeren.com\/wp-content\/uploads\/2015\/12\/ueberuns_pfote_love-1-276x300.jpg 276w, https:\/\/brunnbaeren.com\/wp-content\/uploads\/2015\/12\/ueberuns_pfote_love-1.jpg 441w\" sizes=\"(max-width: 138px) 100vw, 138px\" \/> <img decoding=\"async\" loading=\"lazy\" class=\"alignnone wp-image-1551 size-thumbnail\" src=\"https:\/\/brunnbaeren.com\/wp-content\/uploads\/2015\/12\/ueberuns_pfote_indi-1-138x150.jpg\" alt=\"ueberuns_pfote_indi\" width=\"138\" height=\"150\" srcset=\"https:\/\/brunnbaeren.com\/wp-content\/uploads\/2015\/12\/ueberuns_pfote_indi-1-138x150.jpg 138w, https:\/\/brunnbaeren.com\/wp-content\/uploads\/2015\/12\/ueberuns_pfote_indi-1-276x300.jpg 276w, https:\/\/brunnbaeren.com\/wp-content\/uploads\/2015\/12\/ueberuns_pfote_indi-1.jpg 441w\" sizes=\"(max-width: 138px) 100vw, 138px\" \/> <img decoding=\"async\" loading=\"lazy\" class=\"alignnone wp-image-1549 size-thumbnail\" src=\"https:\/\/brunnbaeren.com\/wp-content\/uploads\/2015\/12\/ueberuns_pfote_amanda-1-138x150.jpg\" alt=\"ueberuns_pfote_amanda\" width=\"138\" height=\"150\" srcset=\"https:\/\/brunnbaeren.com\/wp-content\/uploads\/2015\/12\/ueberuns_pfote_amanda-1-138x150.jpg 138w, https:\/\/brunnbaeren.com\/wp-content\/uploads\/2015\/12\/ueberuns_pfote_amanda-1-276x300.jpg 276w, https:\/\/brunnbaeren.com\/wp-content\/uploads\/2015\/12\/ueberuns_pfote_amanda-1.jpg 441w\" sizes=\"(max-width: 138px) 100vw, 138px\" \/><\/p>\n","protected":false},"excerpt":{"rendered":"<p>Wir \u2013 Escara und Jenna, zwei Berner Sennenhundedamen, leben mit unserem Frauerl und Herrl in einem Einfamilienhaus mit Garten im s\u00fcdlichen Nieder\u00f6sterreich. Was ganz toll ist, ist dass gleich hinter dem Haus der Wald und die Felder beginnen. Durch die h\u00fcgelige Landschaft k\u00f6nnen wir herrlich spazieren gehen und haben dabei einen tollen Ausblick vom Wechselgebiet [&hellip;]<\/p>\n","protected":false},"author":1,"featured_media":0,"parent":0,"menu_order":0,"comment_status":"closed","ping_status":"closed","template":"","meta":{"ngg_post_thumbnail":0},"_links":{"self":[{"href":"https:\/\/brunnbaeren.com\/index.php?rest_route=\/wp\/v2\/pages\/67"}],"collection":[{"href":"https:\/\/brunnbaeren.com\/index.php?rest_route=\/wp\/v2\/pages"}],"about":[{"href":"https:\/\/brunnbaeren.com\/index.php?rest_route=\/wp\/v2\/types\/page"}],"author":[{"embeddable":true,"href":"https:\/\/brunnbaeren.com\/index.php?rest_route=\/wp\/v2\/users\/1"}],"replies":[{"embeddable":true,"href":"https:\/\/brunnbaeren.com\/index.php?rest_route=%2Fwp%2Fv2%2Fcomments&post=67"}],"version-history":[{"count":9,"href":"https:\/\/brunnbaeren.com\/index.php?rest_route=\/wp\/v2\/pages\/67\/revisions"}],"predecessor-version":[{"id":1952,"href":"https:\/\/brunnbaeren.com\/index.php?rest_route=\/wp\/v2\/pages\/67\/revisions\/1952"}],"wp:attachment":[{"href":"https:\/\/brunnbaeren.com\/index.php?rest_route=%2Fwp%2Fv2%2Fmedia&parent=67"}],"curies":[{"name":"wp","href":"https:\/\/api.w.org\/{rel}","templated":true}]}}